{"id":2081,"date":"2024-04-25T18:25:34","date_gmt":"2024-04-25T18:25:34","guid":{"rendered":"https:\/\/ecoetna.it\/e-bike-tours\/"},"modified":"2024-05-31T14:49:40","modified_gmt":"2024-05-31T14:49:40","slug":"e-bike-tours","status":"publish","type":"page","link":"https:\/\/ecoetna.it\/de\/e-bike-tours\/","title":{"rendered":"E-bike tours"},"content":{"rendered":"<p><span style=\"vertical-align: inherit;\"><span style=\"vertical-align: inherit;\">W\u00e4hlen Sie mit den Schaltfl\u00e4chen unten Ihr Gebiet aus, in dem Sie eine E-Bike-Tour unternehmen m\u00f6chten. Wenn Sie keine Pr\u00e4ferenz haben, verwenden Sie die Filter auf der linken Seite, um Ihre Suche zu spezifizieren. Sie k\u00f6nnen Filter verwenden, z. B. nach der Dauer der E-Bike Tour oder basierend auf Ihrer Erfahrung. M\u00f6chten Sie ein bestimmtes Element besuchen? Sie k\u00f6nnen dies auch in den Filtern ausw\u00e4hlen. So finden Sie ganz einfach die E-Bike Tour! &#8230;  <\/span><\/span><a class=\"link\" href=\"#more-details\">Mehr<\/a><\/p>\n<p><span style=\"vertical-align: inherit;\"><span style=\"vertical-align: inherit;\">M\u00f6chten Sie sich lieber von unseren Guides f\u00fcr eine E-Bike-Tour empfehlen lassen? Kein Problem! Kontaktieren Sie uns, wir beraten Sie gerne!<\/span><\/span><\/p>\n","protected":false},"excerpt":{"rendered":"<p>W\u00e4hlen Sie mit den Schaltfl\u00e4chen unten Ihr Gebiet aus, in dem Sie eine E-Bike-Tour unternehmen m\u00f6chten. Wenn Sie keine Pr\u00e4ferenz haben, verwenden Sie die Filter auf der linken Seite, um Ihre Suche zu spezifizieren. Sie k\u00f6nnen Filter verwenden, z. B. nach der Dauer der E-Bike Tour oder basierend auf Ihrer Erfahrung. M\u00f6chten Sie ein bestimmtes&#8230; <a class=\"reveal-full-content link\"  action-id =\"2081\" href=\"#\">Pi\u00f9<\/a><\/p>\n","protected":false},"author":1,"featured_media":1027,"parent":0,"menu_order":0,"comment_status":"closed","ping_status":"closed","template":"template-parts\/ebike-tours-page.php","meta":{"_acf_changed":false,"_monsterinsights_skip_tracking":false,"_monsterinsights_sitenote_active":false,"_monsterinsights_sitenote_note":"","_monsterinsights_sitenote_category":0,"_joinchat":[],"footnotes":""},"acf":[],"yoast_head":"<!-- This site is optimized with the Yoast SEO plugin v22.8 - https:\/\/yoast.com\/wordpress\/plugins\/seo\/ -->\n<title>E-Bike Touren Etna, Alcantara und Nebrodi e-MTB | Eco Etna<\/title>\n<meta name=\"description\" content=\"Erkunde den Etna mit unseren gef\u00fchrten E-Bike Touren. Entdecke mit Eco Etna Adventure atemberaubende Landschaften und die reiche Geschichte des Vulkans.\" \/>\n<meta name=\"robots\" content=\"index, follow, max-snippet:-1, max-image-preview:large, max-video-preview:-1\" \/>\n<link rel=\"canonical\" href=\"https:\/\/ecoetna.it\/de\/e-bike-tours\/\" \/>\n<meta property=\"og:locale\" content=\"de_DE\" \/>\n<meta property=\"og:type\" content=\"article\" \/>\n<meta property=\"og:title\" content=\"E-Bike Touren Etna, Alcantara und Nebrodi e-MTB | Eco Etna\" \/>\n<meta property=\"og:description\" content=\"Erkunde den Etna mit unseren gef\u00fchrten E-Bike Touren. Entdecke mit Eco Etna Adventure atemberaubende Landschaften und die reiche Geschichte des Vulkans.\" \/>\n<meta property=\"og:url\" content=\"https:\/\/ecoetna.it\/de\/e-bike-tours\/\" \/>\n<meta property=\"og:site_name\" content=\"Eco Etna Adventure\" \/>\n<meta property=\"article:modified_time\" content=\"2024-05-31T14:49:40+00:00\" \/>\n<meta property=\"og:image\" content=\"https:\/\/ecoetna.it\/wp-content\/uploads\/2024\/05\/etna-e-bike-tours-eco-etna-lava-3-e-mtb-header-scaled.jpg\" \/>\n\t<meta property=\"og:image:width\" content=\"2560\" \/>\n\t<meta property=\"og:image:height\" content=\"1241\" \/>\n\t<meta property=\"og:image:type\" content=\"image\/jpeg\" \/>\n<meta name=\"twitter:card\" content=\"summary_large_image\" \/>\n<meta name=\"twitter:label1\" content=\"Gesch\u00e4tzte Lesezeit\" \/>\n\t<meta name=\"twitter:data1\" content=\"1\u00a0Minute\" \/>\n<script type=\"application\/ld+json\" class=\"yoast-schema-graph\">{\"@context\":\"https:\/\/schema.org\",\"@graph\":[{\"@type\":\"WebPage\",\"@id\":\"https:\/\/ecoetna.it\/de\/e-bike-tours\/\",\"url\":\"https:\/\/ecoetna.it\/de\/e-bike-tours\/\",\"name\":\"E-Bike Touren Etna, Alcantara und Nebrodi e-MTB | Eco Etna\",\"isPartOf\":{\"@id\":\"https:\/\/ecoetna.it\/de\/#website\"},\"primaryImageOfPage\":{\"@id\":\"https:\/\/ecoetna.it\/de\/e-bike-tours\/#primaryimage\"},\"image\":{\"@id\":\"https:\/\/ecoetna.it\/de\/e-bike-tours\/#primaryimage\"},\"thumbnailUrl\":\"https:\/\/ecoetna.it\/wp-content\/uploads\/2024\/05\/etna-e-bike-tours-eco-etna-lava-3-e-mtb-header-scaled.jpg\",\"datePublished\":\"2024-04-25T18:25:34+00:00\",\"dateModified\":\"2024-05-31T14:49:40+00:00\",\"description\":\"Erkunde den Etna mit unseren gef\u00fchrten E-Bike Touren. Entdecke mit Eco Etna Adventure atemberaubende Landschaften und die reiche Geschichte des Vulkans.\",\"breadcrumb\":{\"@id\":\"https:\/\/ecoetna.it\/de\/e-bike-tours\/#breadcrumb\"},\"inLanguage\":\"de\",\"potentialAction\":[{\"@type\":\"ReadAction\",\"target\":[\"https:\/\/ecoetna.it\/de\/e-bike-tours\/\"]}]},{\"@type\":\"ImageObject\",\"inLanguage\":\"de\",\"@id\":\"https:\/\/ecoetna.it\/de\/e-bike-tours\/#primaryimage\",\"url\":\"https:\/\/ecoetna.it\/wp-content\/uploads\/2024\/05\/etna-e-bike-tours-eco-etna-lava-3-e-mtb-header-scaled.jpg\",\"contentUrl\":\"https:\/\/ecoetna.it\/wp-content\/uploads\/2024\/05\/etna-e-bike-tours-eco-etna-lava-3-e-mtb-header-scaled.jpg\",\"width\":2560,\"height\":1241,\"caption\":\"Etna e-bike tours Eco Etna lava 3 e-MTB\"},{\"@type\":\"BreadcrumbList\",\"@id\":\"https:\/\/ecoetna.it\/de\/e-bike-tours\/#breadcrumb\",\"itemListElement\":[{\"@type\":\"ListItem\",\"position\":1,\"name\":\"Home\",\"item\":\"https:\/\/ecoetna.it\/de\/home\/\"},{\"@type\":\"ListItem\",\"position\":2,\"name\":\"E-bike tours\"}]},{\"@type\":\"WebSite\",\"@id\":\"https:\/\/ecoetna.it\/de\/#website\",\"url\":\"https:\/\/ecoetna.it\/de\/\",\"name\":\"Eco Etna Adventure\",\"description\":\"\",\"potentialAction\":[{\"@type\":\"SearchAction\",\"target\":{\"@type\":\"EntryPoint\",\"urlTemplate\":\"https:\/\/ecoetna.it\/de\/?s={search_term_string}\"},\"query-input\":\"required name=search_term_string\"}],\"inLanguage\":\"de\"}]}<\/script>\n<!-- \/ Yoast SEO plugin. -->","yoast_head_json":{"title":"E-Bike Touren Etna, Alcantara und Nebrodi e-MTB | Eco Etna","description":"Erkunde den Etna mit unseren gef\u00fchrten E-Bike Touren. Entdecke mit Eco Etna Adventure atemberaubende Landschaften und die reiche Geschichte des Vulkans.","robots":{"index":"index","follow":"follow","max-snippet":"max-snippet:-1","max-image-preview":"max-image-preview:large","max-video-preview":"max-video-preview:-1"},"canonical":"https:\/\/ecoetna.it\/de\/e-bike-tours\/","og_locale":"de_DE","og_type":"article","og_title":"E-Bike Touren Etna, Alcantara und Nebrodi e-MTB | Eco Etna","og_description":"Erkunde den Etna mit unseren gef\u00fchrten E-Bike Touren. Entdecke mit Eco Etna Adventure atemberaubende Landschaften und die reiche Geschichte des Vulkans.","og_url":"https:\/\/ecoetna.it\/de\/e-bike-tours\/","og_site_name":"Eco Etna Adventure","article_modified_time":"2024-05-31T14:49:40+00:00","og_image":[{"width":2560,"height":1241,"url":"https:\/\/ecoetna.it\/wp-content\/uploads\/2024\/05\/etna-e-bike-tours-eco-etna-lava-3-e-mtb-header-scaled.jpg","type":"image\/jpeg"}],"twitter_card":"summary_large_image","twitter_misc":{"Gesch\u00e4tzte Lesezeit":"1\u00a0Minute"},"schema":{"@context":"https:\/\/schema.org","@graph":[{"@type":"WebPage","@id":"https:\/\/ecoetna.it\/de\/e-bike-tours\/","url":"https:\/\/ecoetna.it\/de\/e-bike-tours\/","name":"E-Bike Touren Etna, Alcantara und Nebrodi e-MTB | Eco Etna","isPartOf":{"@id":"https:\/\/ecoetna.it\/de\/#website"},"primaryImageOfPage":{"@id":"https:\/\/ecoetna.it\/de\/e-bike-tours\/#primaryimage"},"image":{"@id":"https:\/\/ecoetna.it\/de\/e-bike-tours\/#primaryimage"},"thumbnailUrl":"https:\/\/ecoetna.it\/wp-content\/uploads\/2024\/05\/etna-e-bike-tours-eco-etna-lava-3-e-mtb-header-scaled.jpg","datePublished":"2024-04-25T18:25:34+00:00","dateModified":"2024-05-31T14:49:40+00:00","description":"Erkunde den Etna mit unseren gef\u00fchrten E-Bike Touren. Entdecke mit Eco Etna Adventure atemberaubende Landschaften und die reiche Geschichte des Vulkans.","breadcrumb":{"@id":"https:\/\/ecoetna.it\/de\/e-bike-tours\/#breadcrumb"},"inLanguage":"de","potentialAction":[{"@type":"ReadAction","target":["https:\/\/ecoetna.it\/de\/e-bike-tours\/"]}]},{"@type":"ImageObject","inLanguage":"de","@id":"https:\/\/ecoetna.it\/de\/e-bike-tours\/#primaryimage","url":"https:\/\/ecoetna.it\/wp-content\/uploads\/2024\/05\/etna-e-bike-tours-eco-etna-lava-3-e-mtb-header-scaled.jpg","contentUrl":"https:\/\/ecoetna.it\/wp-content\/uploads\/2024\/05\/etna-e-bike-tours-eco-etna-lava-3-e-mtb-header-scaled.jpg","width":2560,"height":1241,"caption":"Etna e-bike tours Eco Etna lava 3 e-MTB"},{"@type":"BreadcrumbList","@id":"https:\/\/ecoetna.it\/de\/e-bike-tours\/#breadcrumb","itemListElement":[{"@type":"ListItem","position":1,"name":"Home","item":"https:\/\/ecoetna.it\/de\/home\/"},{"@type":"ListItem","position":2,"name":"E-bike tours"}]},{"@type":"WebSite","@id":"https:\/\/ecoetna.it\/de\/#website","url":"https:\/\/ecoetna.it\/de\/","name":"Eco Etna Adventure","description":"","potentialAction":[{"@type":"SearchAction","target":{"@type":"EntryPoint","urlTemplate":"https:\/\/ecoetna.it\/de\/?s={search_term_string}"},"query-input":"required name=search_term_string"}],"inLanguage":"de"}]}},"_links":{"self":[{"href":"https:\/\/ecoetna.it\/de\/wp-json\/wp\/v2\/pages\/2081"}],"collection":[{"href":"https:\/\/ecoetna.it\/de\/wp-json\/wp\/v2\/pages"}],"about":[{"href":"https:\/\/ecoetna.it\/de\/wp-json\/wp\/v2\/types\/page"}],"author":[{"embeddable":true,"href":"https:\/\/ecoetna.it\/de\/wp-json\/wp\/v2\/users\/1"}],"replies":[{"embeddable":true,"href":"https:\/\/ecoetna.it\/de\/wp-json\/wp\/v2\/comments?post=2081"}],"version-history":[{"count":4,"href":"https:\/\/ecoetna.it\/de\/wp-json\/wp\/v2\/pages\/2081\/revisions"}],"predecessor-version":[{"id":2419,"href":"https:\/\/ecoetna.it\/de\/wp-json\/wp\/v2\/pages\/2081\/revisions\/2419"}],"wp:featuredmedia":[{"embeddable":true,"href":"https:\/\/ecoetna.it\/de\/wp-json\/wp\/v2\/media\/1027"}],"wp:attachment":[{"href":"https:\/\/ecoetna.it\/de\/wp-json\/wp\/v2\/media?parent=2081"}],"curies":[{"name":"wp","href":"https:\/\/api.w.org\/{rel}","templated":true}]}}