{"id":2079,"date":"2024-04-22T14:44:05","date_gmt":"2024-04-22T14:44:05","guid":{"rendered":"https:\/\/ecoetna.it\/etna-e-bike-info\/"},"modified":"2024-05-31T14:53:37","modified_gmt":"2024-05-31T14:53:37","slug":"etna-e-bike-info","status":"publish","type":"page","link":"https:\/\/ecoetna.it\/de\/etna-e-bike-info\/","title":{"rendered":"Etna E-bike info"},"content":{"rendered":"\n<p>Der Etna, der h\u00f6chste aktive Vulkan Europas, bietet ein atemberaubendes Panorama und ein einzigartiges Erlebnis f\u00fcr Natur und Abenteuerliebhaber. Die Erkundung dieses faszinierenden Gebiets mit einem Elektrofahrrad (E-Bike) ist eine nachhaltige und aufregende M\u00f6glichkeit, die Wunder des Vulkans zu entdecken. E-Bikes machen selbst die anspruchsvollsten Strecken zug\u00e4nglich, sodass jeder dieses au\u00dfergew\u00f6hnliche Abenteuer genie\u00dfen kann.<\/p>\n\n<h3 class=\"wp-block-heading\">Das Gel\u00e4nde des Etna: Ein abwechslungsreiches Erlebnis<\/h3>\n\n<p>Das Gel\u00e4nde des Etna ist abwechslungsreich und dynamisch und zeichnet sich durch Mondlandschaften, alte und neue Lavastr\u00f6me, \u00fcppige W\u00e4lder und Almwiesen aus. Die Stra\u00dfen und Wege, die sich um den Vulkan schl\u00e4ngeln, k\u00f6nnen holprig und mit Vulkanasche bedeckt sein, was das Fahrerlebnis einzigartig und manchmal herausfordernd macht. E-Bikes mit elektrischer Unterst\u00fctzung erleichtern die Navigation durch dieses heterogene Gel\u00e4nde und erm\u00f6glichen die Erkundung von Gebieten, die sonst unzug\u00e4nglich w\u00e4ren.<\/p>\n\n<h3 class=\"wp-block-heading\">ERKUNDEN SIE DEN ETNA: NORD, S\u00dcD UND WESTEN<\/h3>\n\n<h4 class=\"wp-block-heading\">Etna Nord<\/h4>\n\n<p>Der n\u00f6rdliche Teil des Etna ist f\u00fcr seine bewaldeten Landschaften und uralten Lavastr\u00f6me bekannt. Diese Seite bietet spektakul\u00e4re Routen durch Kiefern- und Buchenw\u00e4lder, erloschene Krater und atemberaubende Landschaften. Von hier aus haben Sie Zugang zum ber\u00fchmten Skigebiet Piano Provenzana, einem idealen Ausgangspunkt f\u00fcr E-Bike Tours in h\u00f6here Lagen. Die Wege des Etna Nord sind perfekt f\u00fcr diejenigen, die die Natur lieben und in eine friedliche und unber\u00fchrte Umgebung eintauchen m\u00f6chten.<\/p>\n\n<h4 class=\"wp-block-heading\">Etna S\u00fcd<\/h4>\n\n<p>Die S\u00fcdseite ist bei Touristen am beliebtesten, da sie gut erreichbar ist und \u00fcber die Etna Seilbahn verf\u00fcgt, mit der Sie schnell die h\u00f6chsten H\u00f6hen erreichen k\u00f6nnen. Von Nicolosi, einem der Hauptzugangstore, k\u00f6nnen Sie zu den Sommitali Krater hinaufsteigen, um die vulkanische Aktivit\u00e4t aus n\u00e4chster N\u00e4he zu bewundern. Die Routen des Etna S\u00fcd sind beliebter und bieten zahlreiche Erfrischungspunkte und Dienstleistungen. Es ist ideal f\u00fcr diejenigen, die ein strukturierteres Erlebnis suchen und Abenteuer mit Komfort verbinden m\u00f6chten.<\/p>\n\n<h4 class=\"wp-block-heading\">Etna West<\/h4>\n\n<p>Der westliche Teil des Etna ist weniger bekannt, aber ebenso faszinierend. Dieses Gebiet zeichnet sich durch eine wildere und weniger anthropisierte Umgebung aus, mit Routen, die alte Lavastr\u00f6me durchqueren und spektakul\u00e4re Panoramablicke bieten. Etna West ist perfekt f\u00fcr diejenigen, die ein authentischeres und abenteuerlicheres Erlebnis abseits der traditionellen Touristenrouten suchen. Hier sind die Wege weniger frequentiert und bieten ein v\u00f6lliges Eintauchen in die unber\u00fchrte Natur des Vulkans.<\/p>\n\n<h3 class=\"wp-block-heading\">DAS E-BIKE ABENTEUER AUF DEM ETNA<\/h3>\n\n<p>Eine Fahrt mit dem E-Bike auf dem Etna ist ein unvergessliches Abenteuer. Mit der Tretunterst\u00fctzung von E-Bikes k\u00f6nnen Sie problemlos steile Anstiege bew\u00e4ltigen und lange Strecken ohne gro\u00dfen Kraftaufwand zur\u00fccklegen. Die Routen k\u00f6nnen von einfachen malerischen Spazierg\u00e4ngen bis hin zu anspruchsvolleren Ausfl\u00fcgen f\u00fcr erfahrene Radfahrer reichen. Es ist m\u00f6glich, erloschene Krater, Kiefern und Buchenw\u00e4lder zu erkunden und sogar die h\u00f6chsten H\u00f6hen zu erreichen, um das Panorama \u00fcber ganz Sizilien und dar\u00fcber hinaus zu bewundern.<\/p>\n\n<h4 class=\"wp-block-heading\">Was Sie wissen sollten, bevor Sie in den Sattel steigen<\/h4>\n\n<p>Bevor Sie zu Ihrem E-Bike-Abenteuer auf dem Etna aufbrechen, finden Sie hier einige n\u00fctzliche Informationen:<\/p>\n\n<ol>\n<li><strong>Angemessene Kleidung: <\/strong>Das Klima am Etna kann schnell variieren, daher ist es ratsam, sich in Schichten zu kleiden und eine Windjacke mitzubringen. Vergessen Sie nicht Ihren Helm und Ihre Fahrradhandschuhe f\u00fcr Schutz und Komfort. Wir stellen Ihnen einen Helm kostenlos zur Verf\u00fcgung, wenn Sie mit uns eine E-Bike-Tour unternehmen oder bei uns ein E-Bike mieten. Handschuhe k\u00f6nnen gemietet werden (gegen Aufpreis).<\/li>\n\n\n\n<li><strong>Notwendige Ausr\u00fcstung:<\/strong> Stellen Sie sicher, dass Sie neben Ihrem E-Bike auch eine Wasserflasche, Energiesnacks, eine Streckenkarte und ein Reparaturset f\u00fcr den Fall unerwarteter Ereignisse dabei haben. Gegen Aufpreis k\u00f6nnen Sie ein Reparaturset mieten.<\/li>\n\n\n\n<li><strong>Streckenbeschaffenheit:<\/strong> Informieren Sie sich vor der Abfahrt \u00fcber die Beschaffenheit der Strecke. Aufgrund der Wetterbedingungen oder vulkanischer Aktivit\u00e4t k\u00f6nnen einige Wege gesperrt oder schwer befahrbar sein.<\/li>\n\n\n\n<li><strong>Sicherheit:<\/strong> Folgen Sie immer den Wegweisern und achten Sie auf die Gefahrenschilder. F\u00fcr eventuelle Notf\u00e4lle empfiehlt es sich, ein Mobiltelefon mit GPS dabei zu haben.<\/li>\n\n\n\n<li><strong>Respekt vor der Umwelt:<\/strong> Der Etna ist ein Naturschutzgebiet, also respektieren Sie die Natur und hinterlassen Sie keinen Abfall. Folgen Sie den markierten Wegen und st\u00f6ren Sie die \u00f6rtliche Fauna nicht.<\/li>\n<\/ol>\n\n<h3 class=\"wp-block-heading\">ABSCHLUSS<\/h3>\n\n<p>Die Erkundung des Etna mit dem E-Bike ist eine spannende und nachhaltige M\u00f6glichkeit, die Magie eines der faszinierendsten Vulkane der Welt hautnah zu erleben. Egal, ob Sie ein erfahrener Radfahrer oder ein Anf\u00e4nger sind, E-Bikes machen dieses Erlebnis zug\u00e4nglich und unvergesslich. Bereiten Sie sich ausreichend vor, befolgen Sie die Sicherheitshinweise und lassen Sie sich von der Sch\u00f6nheit des Etna erobern. Viel Spa\u00df beim fahren!<\/p>\n","protected":false},"excerpt":{"rendered":"<p>Der Etna, der h\u00f6chste aktive Vulkan Europas, bietet ein atemberaubendes Panorama und ein einzigartiges Erlebnis f\u00fcr Natur und Abenteuerliebhaber. Die Erkundung dieses faszinierenden Gebiets mit einem Elektrofahrrad (E-Bike) ist eine nachhaltige und aufregende M\u00f6glichkeit, die Wunder des Vulkans zu entdecken. E-Bikes machen selbst die anspruchsvollsten Strecken zug\u00e4nglich, sodass jeder dieses au\u00dfergew\u00f6hnliche Abenteuer genie\u00dfen kann. Das&#8230; <a class=\"reveal-full-content link\"  action-id =\"2079\" href=\"#\">Pi\u00f9<\/a><\/p>\n","protected":false},"author":1,"featured_media":1037,"parent":0,"menu_order":0,"comment_status":"closed","ping_status":"closed","template":"","meta":{"_acf_changed":false,"_monsterinsights_skip_tracking":false,"_monsterinsights_sitenote_active":false,"_monsterinsights_sitenote_note":"","_monsterinsights_sitenote_category":0,"_joinchat":[],"footnotes":""},"acf":[],"yoast_head":"<!-- This site is optimized with the Yoast SEO plugin v22.8 - https:\/\/yoast.com\/wordpress\/plugins\/seo\/ -->\n<title>Etna E-Bike Infos und Beratung | Eco Etna<\/title>\n<meta name=\"description\" content=\"Entdecke, was es bedeutet, auf dem Vulkan Etna zu fahren. Lies mehr \u00fcber das Gel\u00e4nde und die verschiedenen H\u00e4nge des Vulkans Etna.\" \/>\n<meta name=\"robots\" content=\"index, follow, max-snippet:-1, max-image-preview:large, max-video-preview:-1\" \/>\n<link rel=\"canonical\" href=\"https:\/\/ecoetna.it\/de\/etna-e-bike-info\/\" \/>\n<meta property=\"og:locale\" content=\"de_DE\" \/>\n<meta property=\"og:type\" content=\"article\" \/>\n<meta property=\"og:title\" content=\"Etna E-Bike Infos und Beratung | Eco Etna\" \/>\n<meta property=\"og:description\" content=\"Entdecke, was es bedeutet, auf dem Vulkan Etna zu fahren. Lies mehr \u00fcber das Gel\u00e4nde und die verschiedenen H\u00e4nge des Vulkans Etna.\" \/>\n<meta property=\"og:url\" content=\"https:\/\/ecoetna.it\/de\/etna-e-bike-info\/\" \/>\n<meta property=\"og:site_name\" content=\"Eco Etna Adventure\" \/>\n<meta property=\"article:modified_time\" content=\"2024-05-31T14:53:37+00:00\" \/>\n<meta property=\"og:image\" content=\"https:\/\/ecoetna.it\/wp-content\/uploads\/2024\/05\/etna-e-bike-tours-eco-etna-lava-header-scaled.jpg\" \/>\n\t<meta property=\"og:image:width\" content=\"2560\" \/>\n\t<meta property=\"og:image:height\" content=\"696\" \/>\n\t<meta property=\"og:image:type\" content=\"image\/jpeg\" \/>\n<meta name=\"twitter:card\" content=\"summary_large_image\" \/>\n<meta name=\"twitter:label1\" content=\"Gesch\u00e4tzte Lesezeit\" \/>\n\t<meta name=\"twitter:data1\" content=\"4\u00a0Minuten\" \/>\n<script type=\"application\/ld+json\" class=\"yoast-schema-graph\">{\"@context\":\"https:\/\/schema.org\",\"@graph\":[{\"@type\":\"WebPage\",\"@id\":\"https:\/\/ecoetna.it\/de\/etna-e-bike-info\/\",\"url\":\"https:\/\/ecoetna.it\/de\/etna-e-bike-info\/\",\"name\":\"Etna E-Bike Infos und Beratung | Eco Etna\",\"isPartOf\":{\"@id\":\"https:\/\/ecoetna.it\/de\/#website\"},\"primaryImageOfPage\":{\"@id\":\"https:\/\/ecoetna.it\/de\/etna-e-bike-info\/#primaryimage\"},\"image\":{\"@id\":\"https:\/\/ecoetna.it\/de\/etna-e-bike-info\/#primaryimage\"},\"thumbnailUrl\":\"https:\/\/ecoetna.it\/wp-content\/uploads\/2024\/05\/etna-e-bike-tours-eco-etna-lava-header-scaled.jpg\",\"datePublished\":\"2024-04-22T14:44:05+00:00\",\"dateModified\":\"2024-05-31T14:53:37+00:00\",\"description\":\"Entdecke, was es bedeutet, auf dem Vulkan Etna zu fahren. Lies mehr \u00fcber das Gel\u00e4nde und die verschiedenen H\u00e4nge des Vulkans Etna.\",\"breadcrumb\":{\"@id\":\"https:\/\/ecoetna.it\/de\/etna-e-bike-info\/#breadcrumb\"},\"inLanguage\":\"de\",\"potentialAction\":[{\"@type\":\"ReadAction\",\"target\":[\"https:\/\/ecoetna.it\/de\/etna-e-bike-info\/\"]}]},{\"@type\":\"ImageObject\",\"inLanguage\":\"de\",\"@id\":\"https:\/\/ecoetna.it\/de\/etna-e-bike-info\/#primaryimage\",\"url\":\"https:\/\/ecoetna.it\/wp-content\/uploads\/2024\/05\/etna-e-bike-tours-eco-etna-lava-header-scaled.jpg\",\"contentUrl\":\"https:\/\/ecoetna.it\/wp-content\/uploads\/2024\/05\/etna-e-bike-tours-eco-etna-lava-header-scaled.jpg\",\"width\":2560,\"height\":696,\"caption\":\"Etna E-bike tours Eco Etna\"},{\"@type\":\"BreadcrumbList\",\"@id\":\"https:\/\/ecoetna.it\/de\/etna-e-bike-info\/#breadcrumb\",\"itemListElement\":[{\"@type\":\"ListItem\",\"position\":1,\"name\":\"Home\",\"item\":\"https:\/\/ecoetna.it\/de\/home\/\"},{\"@type\":\"ListItem\",\"position\":2,\"name\":\"Etna E-bike info\"}]},{\"@type\":\"WebSite\",\"@id\":\"https:\/\/ecoetna.it\/de\/#website\",\"url\":\"https:\/\/ecoetna.it\/de\/\",\"name\":\"Eco Etna Adventure\",\"description\":\"\",\"potentialAction\":[{\"@type\":\"SearchAction\",\"target\":{\"@type\":\"EntryPoint\",\"urlTemplate\":\"https:\/\/ecoetna.it\/de\/?s={search_term_string}\"},\"query-input\":\"required name=search_term_string\"}],\"inLanguage\":\"de\"}]}<\/script>\n<!-- \/ Yoast SEO plugin. -->","yoast_head_json":{"title":"Etna E-Bike Infos und Beratung | Eco Etna","description":"Entdecke, was es bedeutet, auf dem Vulkan Etna zu fahren. Lies mehr \u00fcber das Gel\u00e4nde und die verschiedenen H\u00e4nge des Vulkans Etna.","robots":{"index":"index","follow":"follow","max-snippet":"max-snippet:-1","max-image-preview":"max-image-preview:large","max-video-preview":"max-video-preview:-1"},"canonical":"https:\/\/ecoetna.it\/de\/etna-e-bike-info\/","og_locale":"de_DE","og_type":"article","og_title":"Etna E-Bike Infos und Beratung | Eco Etna","og_description":"Entdecke, was es bedeutet, auf dem Vulkan Etna zu fahren. Lies mehr \u00fcber das Gel\u00e4nde und die verschiedenen H\u00e4nge des Vulkans Etna.","og_url":"https:\/\/ecoetna.it\/de\/etna-e-bike-info\/","og_site_name":"Eco Etna Adventure","article_modified_time":"2024-05-31T14:53:37+00:00","og_image":[{"width":2560,"height":696,"url":"https:\/\/ecoetna.it\/wp-content\/uploads\/2024\/05\/etna-e-bike-tours-eco-etna-lava-header-scaled.jpg","type":"image\/jpeg"}],"twitter_card":"summary_large_image","twitter_misc":{"Gesch\u00e4tzte Lesezeit":"4\u00a0Minuten"},"schema":{"@context":"https:\/\/schema.org","@graph":[{"@type":"WebPage","@id":"https:\/\/ecoetna.it\/de\/etna-e-bike-info\/","url":"https:\/\/ecoetna.it\/de\/etna-e-bike-info\/","name":"Etna E-Bike Infos und Beratung | Eco Etna","isPartOf":{"@id":"https:\/\/ecoetna.it\/de\/#website"},"primaryImageOfPage":{"@id":"https:\/\/ecoetna.it\/de\/etna-e-bike-info\/#primaryimage"},"image":{"@id":"https:\/\/ecoetna.it\/de\/etna-e-bike-info\/#primaryimage"},"thumbnailUrl":"https:\/\/ecoetna.it\/wp-content\/uploads\/2024\/05\/etna-e-bike-tours-eco-etna-lava-header-scaled.jpg","datePublished":"2024-04-22T14:44:05+00:00","dateModified":"2024-05-31T14:53:37+00:00","description":"Entdecke, was es bedeutet, auf dem Vulkan Etna zu fahren. Lies mehr \u00fcber das Gel\u00e4nde und die verschiedenen H\u00e4nge des Vulkans Etna.","breadcrumb":{"@id":"https:\/\/ecoetna.it\/de\/etna-e-bike-info\/#breadcrumb"},"inLanguage":"de","potentialAction":[{"@type":"ReadAction","target":["https:\/\/ecoetna.it\/de\/etna-e-bike-info\/"]}]},{"@type":"ImageObject","inLanguage":"de","@id":"https:\/\/ecoetna.it\/de\/etna-e-bike-info\/#primaryimage","url":"https:\/\/ecoetna.it\/wp-content\/uploads\/2024\/05\/etna-e-bike-tours-eco-etna-lava-header-scaled.jpg","contentUrl":"https:\/\/ecoetna.it\/wp-content\/uploads\/2024\/05\/etna-e-bike-tours-eco-etna-lava-header-scaled.jpg","width":2560,"height":696,"caption":"Etna E-bike tours Eco Etna"},{"@type":"BreadcrumbList","@id":"https:\/\/ecoetna.it\/de\/etna-e-bike-info\/#breadcrumb","itemListElement":[{"@type":"ListItem","position":1,"name":"Home","item":"https:\/\/ecoetna.it\/de\/home\/"},{"@type":"ListItem","position":2,"name":"Etna E-bike info"}]},{"@type":"WebSite","@id":"https:\/\/ecoetna.it\/de\/#website","url":"https:\/\/ecoetna.it\/de\/","name":"Eco Etna Adventure","description":"","potentialAction":[{"@type":"SearchAction","target":{"@type":"EntryPoint","urlTemplate":"https:\/\/ecoetna.it\/de\/?s={search_term_string}"},"query-input":"required name=search_term_string"}],"inLanguage":"de"}]}},"_links":{"self":[{"href":"https:\/\/ecoetna.it\/de\/wp-json\/wp\/v2\/pages\/2079"}],"collection":[{"href":"https:\/\/ecoetna.it\/de\/wp-json\/wp\/v2\/pages"}],"about":[{"href":"https:\/\/ecoetna.it\/de\/wp-json\/wp\/v2\/types\/page"}],"author":[{"embeddable":true,"href":"https:\/\/ecoetna.it\/de\/wp-json\/wp\/v2\/users\/1"}],"replies":[{"embeddable":true,"href":"https:\/\/ecoetna.it\/de\/wp-json\/wp\/v2\/comments?post=2079"}],"version-history":[{"count":7,"href":"https:\/\/ecoetna.it\/de\/wp-json\/wp\/v2\/pages\/2079\/revisions"}],"predecessor-version":[{"id":2421,"href":"https:\/\/ecoetna.it\/de\/wp-json\/wp\/v2\/pages\/2079\/revisions\/2421"}],"wp:featuredmedia":[{"embeddable":true,"href":"https:\/\/ecoetna.it\/de\/wp-json\/wp\/v2\/media\/1037"}],"wp:attachment":[{"href":"https:\/\/ecoetna.it\/de\/wp-json\/wp\/v2\/media?parent=2079"}],"curies":[{"name":"wp","href":"https:\/\/api.w.org\/{rel}","templated":true}]}}