{"id":2063,"date":"2024-05-20T09:44:58","date_gmt":"2024-05-20T09:44:58","guid":{"rendered":"https:\/\/ecoetna.it\/shuttle-service\/"},"modified":"2024-05-31T16:07:09","modified_gmt":"2024-05-31T16:07:09","slug":"shuttle-service","status":"publish","type":"page","link":"https:\/\/ecoetna.it\/de\/shuttle-service\/","title":{"rendered":"Shuttle Service"},"content":{"rendered":"&#13;\n<p>Unsere Mission ist es, Ihre Erfahrung bei der Erkundung des Etna und seiner umliegenden Wunder so angenehm und stressfrei wie m\u00f6glich zu gestalten. Deshalb bieten wir einen komfortablen Pick up &amp; Drop off Service f\u00fcr Sie und Ihre E-Bikes an.<\/p>&#13;\n&#13;\n<h4 class=\"wp-block-heading\">Pick Up &amp; Drop Off Service<\/h4>&#13;\n&#13;\n<p>Unser Pick Up und Drop Off Service ist darauf ausgelegt, unseren Kunden gr\u00f6\u00dftm\u00f6glichen Komfort zu bieten. Ob Sie in einem Hotel, einer Pension oder einem Ferienhaus \u00fcbernachten, wir holen Sie direkt an Ihrer Unterkunft ab und bringen Sie zum Ausgangspunkt Ihrer E-Bike Tour. Am Ende Ihres Abenteuers sind wir bereit, Sie zur\u00fcckzubringen, sodass Sie sich entspannen und das Erlebnis ohne logistische Sorgen genie\u00dfen k\u00f6nnen.<\/p>&#13;\n&#13;\n<h4 class=\"wp-block-heading\">Lieferung und Abholung von E-Bikes<\/h4>&#13;\n&#13;\n<p>Wenn Sie lieber direkt von Ihrer Unterkunft aus losfahren m\u00f6chten, bieten wir einen E-Bike Liefer und Abholservice an. Wir bringen unsere hochwertigen E-Bikes direkt einsatzbereit zu Ihnen nach Hause. Am Ende Ihres Ausflugs oder Ihrer Miete holen wir sie ab, sodass Sie nur noch das Vergn\u00fcgen haben, in die Pedale zu treten und sie zu entdecken.<\/p>&#13;\n&#13;\n<figure class=\"wp-block-image size-large\"><img loading=\"lazy\" decoding=\"async\" width=\"1024\" height=\"461\" class=\"wp-image-1315\" src=\"https:\/\/ecoetna.it\/wp-content\/uploads\/2024\/05\/servizio-navetta-transfer-service-etna-eco-etna-adventure-e-bike-1024x461.jpg\" alt=\"Shuttle Service - Transferservice Etna - Eco Etna Adventure\" srcset=\"https:\/\/ecoetna.it\/wp-content\/uploads\/2024\/05\/servizio-navetta-transfer-service-etna-eco-etna-adventure-e-bike-1024x461.jpg 1024w, https:\/\/ecoetna.it\/wp-content\/uploads\/2024\/05\/servizio-navetta-transfer-service-etna-eco-etna-adventure-e-bike-300x135.jpg 300w, https:\/\/ecoetna.it\/wp-content\/uploads\/2024\/05\/servizio-navetta-transfer-service-etna-eco-etna-adventure-e-bike-768x346.jpg 768w, https:\/\/ecoetna.it\/wp-content\/uploads\/2024\/05\/servizio-navetta-transfer-service-etna-eco-etna-adventure-e-bike-1536x691.jpg 1536w, https:\/\/ecoetna.it\/wp-content\/uploads\/2024\/05\/servizio-navetta-transfer-service-etna-eco-etna-adventure-e-bike-2048x922.jpg 2048w\" sizes=\"(max-width: 1024px) 100vw, 1024px\" \/><\/figure>&#13;\n&#13;\n<h4 class=\"wp-block-heading\">Vorteile von Eco Etna Adventure<\/h4>&#13;\n&#13;\n<p>Wenn Sie sich f\u00fcr Eco Etna Adventure entscheiden, k\u00f6nnen Sie sich auf ein Team von Fachleuten verlassen, die sich f\u00fcr Natur und Abenteuer begeistern. Hier sind einige der Vorteile, die wir bieten:<\/p>&#13;\n\r\n<ul>&#13;\n<li><strong>Komfort und Flexibilit\u00e4t:<\/strong> Mit unseren Pick Up &amp; Drop- Off Service k\u00f6nnen Sie den Etna, Alcantara, den Nebrodi Park und die faszinierenden Gebiete Linguaglossa und Castiglione einfach und bequem erkunden.<\/li>&#13;\n\r\n\r\n&#13;\n<li><strong>Hochwertiges E-Bike:<\/strong> Unsere E-Bikes sind modern, gut gewartet und darauf ausgelegt, die verschiedenen Terrains zu bew\u00e4ltigen, denen Sie auf Ihren Touren begegnen.<\/li>&#13;\n\r\n\r\n&#13;\n<li><strong>Personalisierte Erfahrung:<\/strong> Egal, ob Sie Anf\u00e4nger oder erfahrener Radfahrer sind, unser Team passt die Tour individuell an Ihre Bed\u00fcrfnisse und Ihr Erfahrungs level an.<\/li>&#13;\n\r\n\r\n&#13;\n<li><strong>Personalisierte Erfahrung:<\/strong> Egal, ob Sie Anf\u00e4nger oder erfahrener Radfahrer sind, unser Team passt die Tour individuell an Ihre Bed\u00fcrfnisse und Ihr Erfahrungs level an.<\/li>&#13;\n\r\n\r\n&#13;\n<li><strong>St\u00e4ndige Unterst\u00fctzung:<\/strong> Unsere Mitarbeiter stehen Ihnen jederzeit zur Verf\u00fcgung und beantworten alle Fragen oder Bed\u00fcrfnisse, die Sie w\u00e4hrend Ihres Abenteuers haben.<\/li>&#13;\n<\/ul>\r\n&#13;\n<h4 class=\"wp-block-heading\">So buchen Sie den Pick-Up &amp; Drop-Off Service<\/h4>&#13;\n&#13;\n<p>Die Buchung unseres Pick-Up &amp; Drop-Off Service ist ganz einfach! Sie erreichen uns \u00fcber das Kontaktformular auf unserer Website auf der Seite E-Bike-Mieten oder bei der Anfrage einer personalisierte E-Bike-Tour.<\/p>&#13;\n\r\n<ul>&#13;\n<li><a href=\"https:\/\/ecoetna.it\/de\/e-bike-mtb-vermietung\/\">E-Bike Vermietung<\/a><\/li>&#13;\n\r\n\r\n&#13;\n<li><a href=\"https:\/\/ecoetna.it\/de\/e-bike-tours\/\">E-Bike Touren<\/a><\/li>&#13;\n<\/ul>\r\n&#13;\n<p>Oder Sie kontaktieren uns:<\/p>&#13;\n\r\n<ul>&#13;\n<li>E-Mail: <a target=\"_new\" rel=\"noreferrer noopener\">info@ecoetna.it<\/a><\/li>&#13;\n\r\n\r\n&#13;\n<li>Whatsapp: +39 379 185 2778<\/li>&#13;\n<\/ul>\r\n&#13;\n<p>Teilen Sie uns Ihren Aufenthaltsort und Ihre Bed\u00fcrfnisse mit und wir organisieren alles bis ins kleinste Detail!<\/p>&#13;\n&#13;\n<p>Erkunden Sie den Etna und seine Wunder ohne Sorgen, dank der Eco Etna Adventure-Dienste. Wir sind hier, um Ihr Erlebnis unvergesslich und stressfrei zu machen. Buchen Sie jetzt und machen Sie sich bereit f\u00fcr ein einzigartiges Abenteuer!<\/p>&#13;\n","protected":false},"excerpt":{"rendered":"<p>&#13; Unsere Mission ist es, Ihre Erfahrung bei der Erkundung des Etna und seiner umliegenden Wunder so angenehm und stressfrei wie m\u00f6glich zu gestalten. Deshalb bieten wir einen komfortablen Pick up &amp; Drop off Service f\u00fcr Sie und Ihre E-Bikes an. &#13; &#13; Pick Up &amp; Drop Off Service &#13; &#13; Unser Pick Up und&#8230; <a class=\"reveal-full-content link\"  action-id =\"2063\" href=\"#\">Pi\u00f9<\/a><\/p>\n","protected":false},"author":1,"featured_media":1319,"parent":0,"menu_order":0,"comment_status":"closed","ping_status":"closed","template":"","meta":{"_acf_changed":false,"_monsterinsights_skip_tracking":false,"_monsterinsights_sitenote_active":false,"_monsterinsights_sitenote_note":"","_monsterinsights_sitenote_category":0,"_joinchat":[],"footnotes":""},"acf":[],"yoast_head":"<!-- This site is optimized with the Yoast SEO plugin v22.8 - https:\/\/yoast.com\/wordpress\/plugins\/seo\/ -->\n<title>Pick up &amp; Drop off E-bike + Shuttle Service | Eco Etna<\/title>\n<meta name=\"description\" content=\"Nutze den bequemen Shuttle Service von Eco Etna, um den Etna und seine Umgebung mit dem E-Bike zu erkunden.\" \/>\n<meta name=\"robots\" content=\"index, follow, max-snippet:-1, max-image-preview:large, max-video-preview:-1\" \/>\n<link rel=\"canonical\" href=\"https:\/\/ecoetna.it\/de\/shuttle-service\/\" \/>\n<meta property=\"og:locale\" content=\"de_DE\" \/>\n<meta property=\"og:type\" content=\"article\" \/>\n<meta property=\"og:title\" content=\"Pick up &amp; Drop off E-bike + Shuttle Service | Eco Etna\" \/>\n<meta property=\"og:description\" content=\"Nutze den bequemen Shuttle Service von Eco Etna, um den Etna und seine Umgebung mit dem E-Bike zu erkunden.\" \/>\n<meta property=\"og:url\" content=\"https:\/\/ecoetna.it\/de\/shuttle-service\/\" \/>\n<meta property=\"og:site_name\" content=\"Eco Etna Adventure\" \/>\n<meta property=\"article:modified_time\" content=\"2024-05-31T16:07:09+00:00\" \/>\n<meta property=\"og:image\" content=\"https:\/\/ecoetna.it\/wp-content\/uploads\/2024\/05\/servizio-navetta-transfer-service-etna-eco-etna-adventure-e-bike-scaled.jpg\" \/>\n\t<meta property=\"og:image:width\" content=\"2560\" \/>\n\t<meta property=\"og:image:height\" content=\"1152\" \/>\n\t<meta property=\"og:image:type\" content=\"image\/jpeg\" \/>\n<meta name=\"twitter:card\" content=\"summary_large_image\" \/>\n<meta name=\"twitter:label1\" content=\"Gesch\u00e4tzte Lesezeit\" \/>\n\t<meta name=\"twitter:data1\" content=\"2\u00a0Minuten\" \/>\n<script type=\"application\/ld+json\" class=\"yoast-schema-graph\">{\"@context\":\"https:\/\/schema.org\",\"@graph\":[{\"@type\":\"WebPage\",\"@id\":\"https:\/\/ecoetna.it\/de\/shuttle-service\/\",\"url\":\"https:\/\/ecoetna.it\/de\/shuttle-service\/\",\"name\":\"Pick up & Drop off E-bike + Shuttle Service | Eco Etna\",\"isPartOf\":{\"@id\":\"https:\/\/ecoetna.it\/de\/#website\"},\"primaryImageOfPage\":{\"@id\":\"https:\/\/ecoetna.it\/de\/shuttle-service\/#primaryimage\"},\"image\":{\"@id\":\"https:\/\/ecoetna.it\/de\/shuttle-service\/#primaryimage\"},\"thumbnailUrl\":\"https:\/\/ecoetna.it\/wp-content\/uploads\/2024\/05\/servizio-navetta-transfer-service-etna-eco-etna-adventure-e-bike-scaled.jpg\",\"datePublished\":\"2024-05-20T09:44:58+00:00\",\"dateModified\":\"2024-05-31T16:07:09+00:00\",\"description\":\"Nutze den bequemen Shuttle Service von Eco Etna, um den Etna und seine Umgebung mit dem E-Bike zu erkunden.\",\"breadcrumb\":{\"@id\":\"https:\/\/ecoetna.it\/de\/shuttle-service\/#breadcrumb\"},\"inLanguage\":\"de\",\"potentialAction\":[{\"@type\":\"ReadAction\",\"target\":[\"https:\/\/ecoetna.it\/de\/shuttle-service\/\"]}]},{\"@type\":\"ImageObject\",\"inLanguage\":\"de\",\"@id\":\"https:\/\/ecoetna.it\/de\/shuttle-service\/#primaryimage\",\"url\":\"https:\/\/ecoetna.it\/wp-content\/uploads\/2024\/05\/servizio-navetta-transfer-service-etna-eco-etna-adventure-e-bike-scaled.jpg\",\"contentUrl\":\"https:\/\/ecoetna.it\/wp-content\/uploads\/2024\/05\/servizio-navetta-transfer-service-etna-eco-etna-adventure-e-bike-scaled.jpg\",\"width\":2560,\"height\":1152,\"caption\":\"Servizio navetta - Transfer service Etna - Eco Etna Adventure\"},{\"@type\":\"BreadcrumbList\",\"@id\":\"https:\/\/ecoetna.it\/de\/shuttle-service\/#breadcrumb\",\"itemListElement\":[{\"@type\":\"ListItem\",\"position\":1,\"name\":\"Home\",\"item\":\"https:\/\/ecoetna.it\/de\/home\/\"},{\"@type\":\"ListItem\",\"position\":2,\"name\":\"Shuttle Service\"}]},{\"@type\":\"WebSite\",\"@id\":\"https:\/\/ecoetna.it\/de\/#website\",\"url\":\"https:\/\/ecoetna.it\/de\/\",\"name\":\"Eco Etna Adventure\",\"description\":\"\",\"potentialAction\":[{\"@type\":\"SearchAction\",\"target\":{\"@type\":\"EntryPoint\",\"urlTemplate\":\"https:\/\/ecoetna.it\/de\/?s={search_term_string}\"},\"query-input\":\"required name=search_term_string\"}],\"inLanguage\":\"de\"}]}<\/script>\n<!-- \/ Yoast SEO plugin. -->","yoast_head_json":{"title":"Pick up & Drop off E-bike + Shuttle Service | Eco Etna","description":"Nutze den bequemen Shuttle Service von Eco Etna, um den Etna und seine Umgebung mit dem E-Bike zu erkunden.","robots":{"index":"index","follow":"follow","max-snippet":"max-snippet:-1","max-image-preview":"max-image-preview:large","max-video-preview":"max-video-preview:-1"},"canonical":"https:\/\/ecoetna.it\/de\/shuttle-service\/","og_locale":"de_DE","og_type":"article","og_title":"Pick up & Drop off E-bike + Shuttle Service | Eco Etna","og_description":"Nutze den bequemen Shuttle Service von Eco Etna, um den Etna und seine Umgebung mit dem E-Bike zu erkunden.","og_url":"https:\/\/ecoetna.it\/de\/shuttle-service\/","og_site_name":"Eco Etna Adventure","article_modified_time":"2024-05-31T16:07:09+00:00","og_image":[{"width":2560,"height":1152,"url":"https:\/\/ecoetna.it\/wp-content\/uploads\/2024\/05\/servizio-navetta-transfer-service-etna-eco-etna-adventure-e-bike-scaled.jpg","type":"image\/jpeg"}],"twitter_card":"summary_large_image","twitter_misc":{"Gesch\u00e4tzte Lesezeit":"2\u00a0Minuten"},"schema":{"@context":"https:\/\/schema.org","@graph":[{"@type":"WebPage","@id":"https:\/\/ecoetna.it\/de\/shuttle-service\/","url":"https:\/\/ecoetna.it\/de\/shuttle-service\/","name":"Pick up & Drop off E-bike + Shuttle Service | Eco Etna","isPartOf":{"@id":"https:\/\/ecoetna.it\/de\/#website"},"primaryImageOfPage":{"@id":"https:\/\/ecoetna.it\/de\/shuttle-service\/#primaryimage"},"image":{"@id":"https:\/\/ecoetna.it\/de\/shuttle-service\/#primaryimage"},"thumbnailUrl":"https:\/\/ecoetna.it\/wp-content\/uploads\/2024\/05\/servizio-navetta-transfer-service-etna-eco-etna-adventure-e-bike-scaled.jpg","datePublished":"2024-05-20T09:44:58+00:00","dateModified":"2024-05-31T16:07:09+00:00","description":"Nutze den bequemen Shuttle Service von Eco Etna, um den Etna und seine Umgebung mit dem E-Bike zu erkunden.","breadcrumb":{"@id":"https:\/\/ecoetna.it\/de\/shuttle-service\/#breadcrumb"},"inLanguage":"de","potentialAction":[{"@type":"ReadAction","target":["https:\/\/ecoetna.it\/de\/shuttle-service\/"]}]},{"@type":"ImageObject","inLanguage":"de","@id":"https:\/\/ecoetna.it\/de\/shuttle-service\/#primaryimage","url":"https:\/\/ecoetna.it\/wp-content\/uploads\/2024\/05\/servizio-navetta-transfer-service-etna-eco-etna-adventure-e-bike-scaled.jpg","contentUrl":"https:\/\/ecoetna.it\/wp-content\/uploads\/2024\/05\/servizio-navetta-transfer-service-etna-eco-etna-adventure-e-bike-scaled.jpg","width":2560,"height":1152,"caption":"Servizio navetta - Transfer service Etna - Eco Etna Adventure"},{"@type":"BreadcrumbList","@id":"https:\/\/ecoetna.it\/de\/shuttle-service\/#breadcrumb","itemListElement":[{"@type":"ListItem","position":1,"name":"Home","item":"https:\/\/ecoetna.it\/de\/home\/"},{"@type":"ListItem","position":2,"name":"Shuttle Service"}]},{"@type":"WebSite","@id":"https:\/\/ecoetna.it\/de\/#website","url":"https:\/\/ecoetna.it\/de\/","name":"Eco Etna Adventure","description":"","potentialAction":[{"@type":"SearchAction","target":{"@type":"EntryPoint","urlTemplate":"https:\/\/ecoetna.it\/de\/?s={search_term_string}"},"query-input":"required name=search_term_string"}],"inLanguage":"de"}]}},"_links":{"self":[{"href":"https:\/\/ecoetna.it\/de\/wp-json\/wp\/v2\/pages\/2063"}],"collection":[{"href":"https:\/\/ecoetna.it\/de\/wp-json\/wp\/v2\/pages"}],"about":[{"href":"https:\/\/ecoetna.it\/de\/wp-json\/wp\/v2\/types\/page"}],"author":[{"embeddable":true,"href":"https:\/\/ecoetna.it\/de\/wp-json\/wp\/v2\/users\/1"}],"replies":[{"embeddable":true,"href":"https:\/\/ecoetna.it\/de\/wp-json\/wp\/v2\/comments?post=2063"}],"version-history":[{"count":10,"href":"https:\/\/ecoetna.it\/de\/wp-json\/wp\/v2\/pages\/2063\/revisions"}],"predecessor-version":[{"id":2428,"href":"https:\/\/ecoetna.it\/de\/wp-json\/wp\/v2\/pages\/2063\/revisions\/2428"}],"wp:featuredmedia":[{"embeddable":true,"href":"https:\/\/ecoetna.it\/de\/wp-json\/wp\/v2\/media\/1319"}],"wp:attachment":[{"href":"https:\/\/ecoetna.it\/de\/wp-json\/wp\/v2\/media?parent=2063"}],"curies":[{"name":"wp","href":"https:\/\/api.w.org\/{rel}","templated":true}]}}