{"id":2034,"date":"2024-04-20T14:46:01","date_gmt":"2024-04-20T14:46:01","guid":{"rendered":"https:\/\/ecoetna.it\/kontakt\/"},"modified":"2024-05-31T14:48:47","modified_gmt":"2024-05-31T14:48:47","slug":"kontakt","status":"publish","type":"page","link":"https:\/\/ecoetna.it\/de\/kontakt\/","title":{"rendered":"Kontakt"},"content":{"rendered":"\n<h2 class=\"wp-block-heading\">Wie k\u00f6nnen wir dir helfen?<\/h2>\n\n<p>Wir sind hier, um Ihnen dabei zu helfen, ein unvergessliches Erlebnis auf dem Etna, dem h\u00f6chsten aktiven Vulkan Europas, zu erleben. Wenn Sie Fragen haben, weitere Informationen zu unseren E-Bike-Touren w\u00fcnschen oder eine Tour buchen m\u00f6chten, z\u00f6gern Sie nicht, mit uns Kontakt aufzunehmen.<\/p>\n\n<p>Unser Expertenteam ist bereit, alle Ihre Anfragen zu beantworten und Ihnen alle notwendigen Informationen zur Verf\u00fcgung zu stellen, damit Sie Ihr Abenteuer auf dem Etna optimal planen k\u00f6nnen. Egal, ob Sie Radsportbegeisterter, Naturliebhaber oder einfach nur auf der Suche nach einem einzigartigen Erlebnis sind, wir sind hier, um Ihre Fahrt zu etwas Besonderem zu machen.<\/p>\n\n<p>F\u00fcllen Sie das untenstehende Kontaktformular aus, senden Sie uns eine E-Mail oder rufen Sie uns direkt an. Wir helfen Ihnen gerne weiter!<\/p>\n\n<p><strong>E-Mail<\/strong>: <a target=\"_new\" rel=\"noreferrer noopener\">info@ecoetna.it<\/a><br\/><strong>Telefon:<\/strong> +39 379 185 2778<\/p>\n\n<h2 class=\"wp-block-heading\">ADRESSE<\/h2>\n\n<p>Eco Etna Adventure<br\/>Largo S. Francesco, 6<br\/>95015 Linguaglossa (CT)<br\/>Sicilia<\/p>\n\n<div class=\"wpcf7 no-js\" id=\"wpcf7-f2411-o1\" lang=\"de-DE\" dir=\"ltr\">\n<div class=\"screen-reader-response\"><p role=\"status\" aria-live=\"polite\" aria-atomic=\"true\"><\/p> <ul><\/ul><\/div>\n<form action=\"\/de\/wp-json\/wp\/v2\/pages\/2034#wpcf7-f2411-o1\" method=\"post\" class=\"wpcf7-form init\" aria-label=\"Kontaktformular\" novalidate=\"novalidate\" data-status=\"init\">\n<div style=\"display: none;\">\n<input type=\"hidden\" name=\"_wpcf7\" value=\"2411\" \/>\n<input type=\"hidden\" name=\"_wpcf7_version\" value=\"5.9.5\" \/>\n<input type=\"hidden\" name=\"_wpcf7_locale\" value=\"de_DE\" \/>\n<input type=\"hidden\" name=\"_wpcf7_unit_tag\" value=\"wpcf7-f2411-o1\" \/>\n<input type=\"hidden\" name=\"_wpcf7_container_post\" value=\"0\" \/>\n<input type=\"hidden\" name=\"_wpcf7_posted_data_hash\" value=\"\" \/>\n<\/div>\n<section class=\"inner-content\">\n<div class=\"contact-box\">\n<div class=\"padd-area\">\n<h3 class=\"pt-0\">Kontakt<\/h3>\n<h6> Name <\/h6>\n<div class=\"input-spc\">\n    <input size=\"40\" class=\"wpcf7-form-control wpcf7-text wpcf7-validates-as-required\" autocomplete=\"Nome\" aria-required=\"true\" aria-invalid=\"false\" value=\"\" type=\"text\" name=\"your-name\" \/>\n    <span>Obligatorisch<\/span>  \n<\/div>\n<h6> E-Mail Adresse <\/h6>\n<div class=\"input-spc\">\n    <input size=\"40\" class=\"wpcf7-form-control wpcf7-email wpcf7-validates-as-required wpcf7-text wpcf7-validates-as-email\" autocomplete=\"email\" aria-required=\"true\" aria-invalid=\"false\" value=\"\" type=\"email\" name=\"your-email\" \/> \n    <span>Obligatorisch<\/span> \n<\/div>\n<h6>Telefonnummer mit Vorwahl<\/h6>\n<div class=\"input-spc\">\n<select class=\"wpcf7-form-control wpcf7-select wpcf7-validates-as-required\" aria-required=\"true\" aria-invalid=\"false\" name=\"menu-474\"><option value=\"America +1\">America +1<\/option><option value=\"Austria +43\">Austria +43<\/option><option value=\"Belgio +32\">Belgio +32<\/option><option value=\"Canada: +1\">Canada: +1<\/option><option value=\"Cina +86\">Cina +86<\/option><option value=\"Emirati Arabi Uniti: +971\">Emirati Arabi Uniti: +971<\/option><option value=\"Francia: +33\">Francia: +33<\/option><option value=\"Germania +49\">Germania +49<\/option><option value=\"Italia +39\">Italia +39<\/option><option value=\"Malta: +356\">Malta: +356<\/option><option value=\"Olanda +31\">Olanda +31<\/option><option value=\"Polonia +48\">Polonia +48<\/option><option value=\"Regno Unito +44\">Regno Unito +44<\/option><option value=\"Republica Ceca +420\">Republica Ceca +420<\/option><option value=\"Slovenia +386\">Slovenia +386<\/option><option value=\"Spagna +34\">Spagna +34<\/option><option value=\"Svezia +46\">Svezia +46<\/option><option value=\"Svizzera +41\">Svizzera +41<\/option><option value=\"Altro ...\">Altro ...<\/option><\/select>\n    <input size=\"40\" class=\"wpcf7-form-control wpcf7-tel wpcf7-text wpcf7-validates-as-tel\" aria-invalid=\"false\" value=\"\" type=\"tel\" name=\"tel-156\" \/>\n<\/div>\n<h6> Nachricht <\/h6>\n<div class=\"input-spc\">\n    <textarea cols=\"40\" rows=\"10\" class=\"wpcf7-form-control wpcf7-textarea\" aria-invalid=\"false\" placeholder=\"Nachricht\" name=\"your-message\"><\/textarea> \n<\/div>\n<div class=\"control-group mb-3\">\n<label><input type=\"checkbox\" name=\"acceptance-724\" value=\"1\" aria-invalid=\"false\" \/><span class=\"wpcf7-list-item-label\">Ich akzeptiere die <a href=\"https:\/\/ecoetna.it\/privacy\/\" class=\"link\">allgemeinen Datenschutzbedingungen<\/a> f\u00fcr die Verwendung personenbezogener Daten<\/span><\/label><\/span>\n<div class=\"control_indicator\"><\/div>\n<\/div>\n<div class=\"input-spc\">\n<button type=\"submit\" class=\"primary-btn\"><img decoding=\"async\" src=\"https:\/\/ecoetna.it\/wp-content\/themes\/ecoetna\/assets\/images\/cycle.png\" alt=\"\"> Senden Sie <img decoding=\"async\" class=\"d-arrow\" src=\"https:\/\/ecoetna.it\/wp-content\/themes\/ecoetna\/assets\/images\/double-arrow.svg\" alt=\"\"><\/button>\n<\/div>\n<\/div>\n<\/div>\n<\/section><div class=\"wpcf7-response-output\" aria-hidden=\"true\"><\/div>\n<\/form>\n<\/div>\n\n\n<h3 class=\"wp-block-heading\">FOLGEN SIE UNS IN DEN SOZIALEN MEDIEN<\/h3>\n\n<p>Bleiben Sie \u00fcber unsere Aktivit\u00e4ten auf dem Laufenden und erfahren Sie mehr \u00fcber unsere Ausfl\u00fcge, indem Sie uns auf unseren sozialen Kan\u00e4len folgen:<\/p>\n\n<ul>\n<li>Facebook: @EcoEtna<\/li>\n\n\n\n<li>Instagram: @EcoEtna<\/li>\n\n\n\n<li>TikTok: @EcoEtna<\/li>\n<\/ul>\n\n<p>Wir k\u00f6nnen es kaum erwarten, Ihnen dabei zu helfen, die Wunder des Etna zu entdecken!<\/p>\n","protected":false},"excerpt":{"rendered":"<p>Wie k\u00f6nnen wir dir helfen? Wir sind hier, um Ihnen dabei zu helfen, ein unvergessliches Erlebnis auf dem Etna, dem h\u00f6chsten aktiven Vulkan Europas, zu erleben. Wenn Sie Fragen haben, weitere Informationen zu unseren E-Bike-Touren w\u00fcnschen oder eine Tour buchen m\u00f6chten, z\u00f6gern Sie nicht, mit uns Kontakt aufzunehmen. Unser Expertenteam ist bereit, alle Ihre Anfragen&#8230; <a class=\"reveal-full-content link\"  action-id =\"2034\" href=\"#\">Pi\u00f9<\/a><\/p>\n","protected":false},"author":1,"featured_media":1032,"parent":0,"menu_order":0,"comment_status":"closed","ping_status":"closed","template":"","meta":{"_acf_changed":false,"_monsterinsights_skip_tracking":false,"_monsterinsights_sitenote_active":false,"_monsterinsights_sitenote_note":"","_monsterinsights_sitenote_category":0,"_joinchat":[],"footnotes":""},"acf":[],"yoast_head":"<!-- This site is optimized with the Yoast SEO plugin v22.8 - https:\/\/yoast.com\/wordpress\/plugins\/seo\/ -->\n<title>Kontakt Eco Etna Adventure - E-Bike Touren | Eco Etna<\/title>\n<meta name=\"description\" content=\"Kontaktiere Eco Etna Adventure f\u00fcr Informationen \u00fcber E-Bike-Touren, die Vermietung von E-MTBs und andere Dienstleistungen. Wir sind hier, um alle deine Fragen zu beantworten!\" \/>\n<meta name=\"robots\" content=\"index, follow, max-snippet:-1, max-image-preview:large, max-video-preview:-1\" \/>\n<link rel=\"canonical\" href=\"https:\/\/ecoetna.it\/de\/kontakt\/\" \/>\n<meta property=\"og:locale\" content=\"de_DE\" \/>\n<meta property=\"og:type\" content=\"article\" \/>\n<meta property=\"og:title\" content=\"Kontakt Eco Etna Adventure - E-Bike Touren | Eco Etna\" \/>\n<meta property=\"og:description\" content=\"Kontaktiere Eco Etna Adventure f\u00fcr Informationen \u00fcber E-Bike-Touren, die Vermietung von E-MTBs und andere Dienstleistungen. Wir sind hier, um alle deine Fragen zu beantworten!\" \/>\n<meta property=\"og:url\" content=\"https:\/\/ecoetna.it\/de\/kontakt\/\" \/>\n<meta property=\"og:site_name\" content=\"Eco Etna Adventure\" \/>\n<meta property=\"article:modified_time\" content=\"2024-05-31T14:48:47+00:00\" \/>\n<meta property=\"og:image\" content=\"https:\/\/ecoetna.it\/wp-content\/uploads\/2024\/05\/etna-e-bike-tours-eco-etna-lava-e-mtb-header-scaled.jpg\" \/>\n\t<meta property=\"og:image:width\" content=\"2560\" \/>\n\t<meta property=\"og:image:height\" content=\"1176\" \/>\n\t<meta property=\"og:image:type\" content=\"image\/jpeg\" \/>\n<meta name=\"twitter:card\" content=\"summary_large_image\" \/>\n<meta name=\"twitter:label1\" content=\"Gesch\u00e4tzte Lesezeit\" \/>\n\t<meta name=\"twitter:data1\" content=\"1\u00a0Minute\" \/>\n<script type=\"application\/ld+json\" class=\"yoast-schema-graph\">{\"@context\":\"https:\/\/schema.org\",\"@graph\":[{\"@type\":\"WebPage\",\"@id\":\"https:\/\/ecoetna.it\/de\/kontakt\/\",\"url\":\"https:\/\/ecoetna.it\/de\/kontakt\/\",\"name\":\"Kontakt Eco Etna Adventure - E-Bike Touren | Eco Etna\",\"isPartOf\":{\"@id\":\"https:\/\/ecoetna.it\/de\/#website\"},\"primaryImageOfPage\":{\"@id\":\"https:\/\/ecoetna.it\/de\/kontakt\/#primaryimage\"},\"image\":{\"@id\":\"https:\/\/ecoetna.it\/de\/kontakt\/#primaryimage\"},\"thumbnailUrl\":\"https:\/\/ecoetna.it\/wp-content\/uploads\/2024\/05\/etna-e-bike-tours-eco-etna-lava-e-mtb-header-scaled.jpg\",\"datePublished\":\"2024-04-20T14:46:01+00:00\",\"dateModified\":\"2024-05-31T14:48:47+00:00\",\"description\":\"Kontaktiere Eco Etna Adventure f\u00fcr Informationen \u00fcber E-Bike-Touren, die Vermietung von E-MTBs und andere Dienstleistungen. Wir sind hier, um alle deine Fragen zu beantworten!\",\"breadcrumb\":{\"@id\":\"https:\/\/ecoetna.it\/de\/kontakt\/#breadcrumb\"},\"inLanguage\":\"de\",\"potentialAction\":[{\"@type\":\"ReadAction\",\"target\":[\"https:\/\/ecoetna.it\/de\/kontakt\/\"]}]},{\"@type\":\"ImageObject\",\"inLanguage\":\"de\",\"@id\":\"https:\/\/ecoetna.it\/de\/kontakt\/#primaryimage\",\"url\":\"https:\/\/ecoetna.it\/wp-content\/uploads\/2024\/05\/etna-e-bike-tours-eco-etna-lava-e-mtb-header-scaled.jpg\",\"contentUrl\":\"https:\/\/ecoetna.it\/wp-content\/uploads\/2024\/05\/etna-e-bike-tours-eco-etna-lava-e-mtb-header-scaled.jpg\",\"width\":2560,\"height\":1176},{\"@type\":\"BreadcrumbList\",\"@id\":\"https:\/\/ecoetna.it\/de\/kontakt\/#breadcrumb\",\"itemListElement\":[{\"@type\":\"ListItem\",\"position\":1,\"name\":\"Home\",\"item\":\"https:\/\/ecoetna.it\/de\/home\/\"},{\"@type\":\"ListItem\",\"position\":2,\"name\":\"Kontakt\"}]},{\"@type\":\"WebSite\",\"@id\":\"https:\/\/ecoetna.it\/de\/#website\",\"url\":\"https:\/\/ecoetna.it\/de\/\",\"name\":\"Eco Etna Adventure\",\"description\":\"\",\"potentialAction\":[{\"@type\":\"SearchAction\",\"target\":{\"@type\":\"EntryPoint\",\"urlTemplate\":\"https:\/\/ecoetna.it\/de\/?s={search_term_string}\"},\"query-input\":\"required name=search_term_string\"}],\"inLanguage\":\"de\"}]}<\/script>\n<!-- \/ Yoast SEO plugin. -->","yoast_head_json":{"title":"Kontakt Eco Etna Adventure - E-Bike Touren | Eco Etna","description":"Kontaktiere Eco Etna Adventure f\u00fcr Informationen \u00fcber E-Bike-Touren, die Vermietung von E-MTBs und andere Dienstleistungen. Wir sind hier, um alle deine Fragen zu beantworten!","robots":{"index":"index","follow":"follow","max-snippet":"max-snippet:-1","max-image-preview":"max-image-preview:large","max-video-preview":"max-video-preview:-1"},"canonical":"https:\/\/ecoetna.it\/de\/kontakt\/","og_locale":"de_DE","og_type":"article","og_title":"Kontakt Eco Etna Adventure - E-Bike Touren | Eco Etna","og_description":"Kontaktiere Eco Etna Adventure f\u00fcr Informationen \u00fcber E-Bike-Touren, die Vermietung von E-MTBs und andere Dienstleistungen. Wir sind hier, um alle deine Fragen zu beantworten!","og_url":"https:\/\/ecoetna.it\/de\/kontakt\/","og_site_name":"Eco Etna Adventure","article_modified_time":"2024-05-31T14:48:47+00:00","og_image":[{"width":2560,"height":1176,"url":"https:\/\/ecoetna.it\/wp-content\/uploads\/2024\/05\/etna-e-bike-tours-eco-etna-lava-e-mtb-header-scaled.jpg","type":"image\/jpeg"}],"twitter_card":"summary_large_image","twitter_misc":{"Gesch\u00e4tzte Lesezeit":"1\u00a0Minute"},"schema":{"@context":"https:\/\/schema.org","@graph":[{"@type":"WebPage","@id":"https:\/\/ecoetna.it\/de\/kontakt\/","url":"https:\/\/ecoetna.it\/de\/kontakt\/","name":"Kontakt Eco Etna Adventure - E-Bike Touren | Eco Etna","isPartOf":{"@id":"https:\/\/ecoetna.it\/de\/#website"},"primaryImageOfPage":{"@id":"https:\/\/ecoetna.it\/de\/kontakt\/#primaryimage"},"image":{"@id":"https:\/\/ecoetna.it\/de\/kontakt\/#primaryimage"},"thumbnailUrl":"https:\/\/ecoetna.it\/wp-content\/uploads\/2024\/05\/etna-e-bike-tours-eco-etna-lava-e-mtb-header-scaled.jpg","datePublished":"2024-04-20T14:46:01+00:00","dateModified":"2024-05-31T14:48:47+00:00","description":"Kontaktiere Eco Etna Adventure f\u00fcr Informationen \u00fcber E-Bike-Touren, die Vermietung von E-MTBs und andere Dienstleistungen. Wir sind hier, um alle deine Fragen zu beantworten!","breadcrumb":{"@id":"https:\/\/ecoetna.it\/de\/kontakt\/#breadcrumb"},"inLanguage":"de","potentialAction":[{"@type":"ReadAction","target":["https:\/\/ecoetna.it\/de\/kontakt\/"]}]},{"@type":"ImageObject","inLanguage":"de","@id":"https:\/\/ecoetna.it\/de\/kontakt\/#primaryimage","url":"https:\/\/ecoetna.it\/wp-content\/uploads\/2024\/05\/etna-e-bike-tours-eco-etna-lava-e-mtb-header-scaled.jpg","contentUrl":"https:\/\/ecoetna.it\/wp-content\/uploads\/2024\/05\/etna-e-bike-tours-eco-etna-lava-e-mtb-header-scaled.jpg","width":2560,"height":1176},{"@type":"BreadcrumbList","@id":"https:\/\/ecoetna.it\/de\/kontakt\/#breadcrumb","itemListElement":[{"@type":"ListItem","position":1,"name":"Home","item":"https:\/\/ecoetna.it\/de\/home\/"},{"@type":"ListItem","position":2,"name":"Kontakt"}]},{"@type":"WebSite","@id":"https:\/\/ecoetna.it\/de\/#website","url":"https:\/\/ecoetna.it\/de\/","name":"Eco Etna Adventure","description":"","potentialAction":[{"@type":"SearchAction","target":{"@type":"EntryPoint","urlTemplate":"https:\/\/ecoetna.it\/de\/?s={search_term_string}"},"query-input":"required name=search_term_string"}],"inLanguage":"de"}]}},"_links":{"self":[{"href":"https:\/\/ecoetna.it\/de\/wp-json\/wp\/v2\/pages\/2034"}],"collection":[{"href":"https:\/\/ecoetna.it\/de\/wp-json\/wp\/v2\/pages"}],"about":[{"href":"https:\/\/ecoetna.it\/de\/wp-json\/wp\/v2\/types\/page"}],"author":[{"embeddable":true,"href":"https:\/\/ecoetna.it\/de\/wp-json\/wp\/v2\/users\/1"}],"replies":[{"embeddable":true,"href":"https:\/\/ecoetna.it\/de\/wp-json\/wp\/v2\/comments?post=2034"}],"version-history":[{"count":15,"href":"https:\/\/ecoetna.it\/de\/wp-json\/wp\/v2\/pages\/2034\/revisions"}],"predecessor-version":[{"id":2418,"href":"https:\/\/ecoetna.it\/de\/wp-json\/wp\/v2\/pages\/2034\/revisions\/2418"}],"wp:featuredmedia":[{"embeddable":true,"href":"https:\/\/ecoetna.it\/de\/wp-json\/wp\/v2\/media\/1032"}],"wp:attachment":[{"href":"https:\/\/ecoetna.it\/de\/wp-json\/wp\/v2\/media?parent=2034"}],"curies":[{"name":"wp","href":"https:\/\/api.w.org\/{rel}","templated":true}]}}