{"id":1982,"date":"2024-04-18T15:06:27","date_gmt":"2024-04-18T15:06:27","guid":{"rendered":"https:\/\/ecoetna.it\/e-bike-mtb-vermietung\/"},"modified":"2024-05-31T16:00:23","modified_gmt":"2024-05-31T16:00:23","slug":"e-bike-mtb-vermietung","status":"publish","type":"page","link":"https:\/\/ecoetna.it\/de\/e-bike-mtb-vermietung\/","title":{"rendered":"E-bike MTB Vermietung"},"content":{"rendered":"&#13;\n<p>Wenn Sie Ihr E-Bike mieten, kann die Entscheidung zwischen einem full suspension und einem hard trail e-bike erhebliche Auswirkungen auf Ihr Fahrerlebnis haben. Wir helfen Ihnen, die Unterschiede zwischen diesen beiden Optionen zu verstehen, damit Sie die beste Entscheidung f\u00fcr Ihr zweir\u00e4driges Abenteuer treffen k\u00f6nnen.<\/p>&#13;\n","protected":false},"excerpt":{"rendered":"<p>&#13; Wenn Sie Ihr E-Bike mieten, kann die Entscheidung zwischen einem full suspension und einem hard trail e-bike erhebliche Auswirkungen auf Ihr Fahrerlebnis haben. Wir helfen Ihnen, die Unterschiede zwischen diesen beiden Optionen zu verstehen, damit Sie die beste Entscheidung f\u00fcr Ihr zweir\u00e4driges Abenteuer treffen k\u00f6nnen. &#13;<\/p>\n","protected":false},"author":1,"featured_media":791,"parent":0,"menu_order":0,"comment_status":"closed","ping_status":"closed","template":"template-parts\/ebike-rental-page.php","meta":{"_acf_changed":false,"_monsterinsights_skip_tracking":false,"_monsterinsights_sitenote_active":false,"_monsterinsights_sitenote_note":"","_monsterinsights_sitenote_category":0,"_joinchat":[],"footnotes":""},"acf":[],"yoast_head":"<!-- This site is optimized with the Yoast SEO plugin v22.8 - https:\/\/yoast.com\/wordpress\/plugins\/seo\/ -->\n<title>Vermietung E-bike Etna Alcantara &amp; E-MTB | Eco Etna<\/title>\n<meta name=\"description\" content=\"Entdecke die Freude am Radfahren auf dem Etna mit unseren gemieteten E-Bikes. Buche dein e-MTB noch heute f\u00fcr ein unvergessliches Naturerlebnis.\" \/>\n<meta name=\"robots\" content=\"index, follow, max-snippet:-1, max-image-preview:large, max-video-preview:-1\" \/>\n<link rel=\"canonical\" href=\"https:\/\/ecoetna.it\/de\/e-bike-mtb-vermietung\/\" \/>\n<meta property=\"og:locale\" content=\"de_DE\" \/>\n<meta property=\"og:type\" content=\"article\" \/>\n<meta property=\"og:title\" content=\"Vermietung E-bike Etna Alcantara &amp; E-MTB | Eco Etna\" \/>\n<meta property=\"og:description\" content=\"Entdecke die Freude am Radfahren auf dem Etna mit unseren gemieteten E-Bikes. Buche dein e-MTB noch heute f\u00fcr ein unvergessliches Naturerlebnis.\" \/>\n<meta property=\"og:url\" content=\"https:\/\/ecoetna.it\/de\/e-bike-mtb-vermietung\/\" \/>\n<meta property=\"og:site_name\" content=\"Eco Etna Adventure\" \/>\n<meta property=\"article:modified_time\" content=\"2024-05-31T16:00:23+00:00\" \/>\n<meta property=\"og:image\" content=\"https:\/\/ecoetna.it\/wp-content\/uploads\/2024\/04\/servizio-alloggio-e-bike-bicicletta-eco-etna-adventure-trasporto-scaled.jpg\" \/>\n\t<meta property=\"og:image:width\" content=\"2560\" \/>\n\t<meta property=\"og:image:height\" content=\"1920\" \/>\n\t<meta property=\"og:image:type\" content=\"image\/jpeg\" \/>\n<meta name=\"twitter:card\" content=\"summary_large_image\" \/>\n<meta name=\"twitter:label1\" content=\"Gesch\u00e4tzte Lesezeit\" \/>\n\t<meta name=\"twitter:data1\" content=\"1\u00a0Minute\" \/>\n<script type=\"application\/ld+json\" class=\"yoast-schema-graph\">{\"@context\":\"https:\/\/schema.org\",\"@graph\":[{\"@type\":\"WebPage\",\"@id\":\"https:\/\/ecoetna.it\/de\/e-bike-mtb-vermietung\/\",\"url\":\"https:\/\/ecoetna.it\/de\/e-bike-mtb-vermietung\/\",\"name\":\"Vermietung E-bike Etna Alcantara & E-MTB | Eco Etna\",\"isPartOf\":{\"@id\":\"https:\/\/ecoetna.it\/de\/#website\"},\"primaryImageOfPage\":{\"@id\":\"https:\/\/ecoetna.it\/de\/e-bike-mtb-vermietung\/#primaryimage\"},\"image\":{\"@id\":\"https:\/\/ecoetna.it\/de\/e-bike-mtb-vermietung\/#primaryimage\"},\"thumbnailUrl\":\"https:\/\/ecoetna.it\/wp-content\/uploads\/2024\/04\/servizio-alloggio-e-bike-bicicletta-eco-etna-adventure-trasporto-scaled.jpg\",\"datePublished\":\"2024-04-18T15:06:27+00:00\",\"dateModified\":\"2024-05-31T16:00:23+00:00\",\"description\":\"Entdecke die Freude am Radfahren auf dem Etna mit unseren gemieteten E-Bikes. Buche dein e-MTB noch heute f\u00fcr ein unvergessliches Naturerlebnis.\",\"breadcrumb\":{\"@id\":\"https:\/\/ecoetna.it\/de\/e-bike-mtb-vermietung\/#breadcrumb\"},\"inLanguage\":\"de\",\"potentialAction\":[{\"@type\":\"ReadAction\",\"target\":[\"https:\/\/ecoetna.it\/de\/e-bike-mtb-vermietung\/\"]}]},{\"@type\":\"ImageObject\",\"inLanguage\":\"de\",\"@id\":\"https:\/\/ecoetna.it\/de\/e-bike-mtb-vermietung\/#primaryimage\",\"url\":\"https:\/\/ecoetna.it\/wp-content\/uploads\/2024\/04\/servizio-alloggio-e-bike-bicicletta-eco-etna-adventure-trasporto-scaled.jpg\",\"contentUrl\":\"https:\/\/ecoetna.it\/wp-content\/uploads\/2024\/04\/servizio-alloggio-e-bike-bicicletta-eco-etna-adventure-trasporto-scaled.jpg\",\"width\":2560,\"height\":1920,\"caption\":\"Servizio alloggio e-bike bicicletta Eco Etna Adventure trasporto\"},{\"@type\":\"BreadcrumbList\",\"@id\":\"https:\/\/ecoetna.it\/de\/e-bike-mtb-vermietung\/#breadcrumb\",\"itemListElement\":[{\"@type\":\"ListItem\",\"position\":1,\"name\":\"Home\",\"item\":\"https:\/\/ecoetna.it\/de\/home\/\"},{\"@type\":\"ListItem\",\"position\":2,\"name\":\"E-bike MTB Vermietung\"}]},{\"@type\":\"WebSite\",\"@id\":\"https:\/\/ecoetna.it\/de\/#website\",\"url\":\"https:\/\/ecoetna.it\/de\/\",\"name\":\"Eco Etna Adventure\",\"description\":\"\",\"potentialAction\":[{\"@type\":\"SearchAction\",\"target\":{\"@type\":\"EntryPoint\",\"urlTemplate\":\"https:\/\/ecoetna.it\/de\/?s={search_term_string}\"},\"query-input\":\"required name=search_term_string\"}],\"inLanguage\":\"de\"}]}<\/script>\n<!-- \/ Yoast SEO plugin. -->","yoast_head_json":{"title":"Vermietung E-bike Etna Alcantara & E-MTB | Eco Etna","description":"Entdecke die Freude am Radfahren auf dem Etna mit unseren gemieteten E-Bikes. Buche dein e-MTB noch heute f\u00fcr ein unvergessliches Naturerlebnis.","robots":{"index":"index","follow":"follow","max-snippet":"max-snippet:-1","max-image-preview":"max-image-preview:large","max-video-preview":"max-video-preview:-1"},"canonical":"https:\/\/ecoetna.it\/de\/e-bike-mtb-vermietung\/","og_locale":"de_DE","og_type":"article","og_title":"Vermietung E-bike Etna Alcantara & E-MTB | Eco Etna","og_description":"Entdecke die Freude am Radfahren auf dem Etna mit unseren gemieteten E-Bikes. Buche dein e-MTB noch heute f\u00fcr ein unvergessliches Naturerlebnis.","og_url":"https:\/\/ecoetna.it\/de\/e-bike-mtb-vermietung\/","og_site_name":"Eco Etna Adventure","article_modified_time":"2024-05-31T16:00:23+00:00","og_image":[{"width":2560,"height":1920,"url":"https:\/\/ecoetna.it\/wp-content\/uploads\/2024\/04\/servizio-alloggio-e-bike-bicicletta-eco-etna-adventure-trasporto-scaled.jpg","type":"image\/jpeg"}],"twitter_card":"summary_large_image","twitter_misc":{"Gesch\u00e4tzte Lesezeit":"1\u00a0Minute"},"schema":{"@context":"https:\/\/schema.org","@graph":[{"@type":"WebPage","@id":"https:\/\/ecoetna.it\/de\/e-bike-mtb-vermietung\/","url":"https:\/\/ecoetna.it\/de\/e-bike-mtb-vermietung\/","name":"Vermietung E-bike Etna Alcantara & E-MTB | Eco Etna","isPartOf":{"@id":"https:\/\/ecoetna.it\/de\/#website"},"primaryImageOfPage":{"@id":"https:\/\/ecoetna.it\/de\/e-bike-mtb-vermietung\/#primaryimage"},"image":{"@id":"https:\/\/ecoetna.it\/de\/e-bike-mtb-vermietung\/#primaryimage"},"thumbnailUrl":"https:\/\/ecoetna.it\/wp-content\/uploads\/2024\/04\/servizio-alloggio-e-bike-bicicletta-eco-etna-adventure-trasporto-scaled.jpg","datePublished":"2024-04-18T15:06:27+00:00","dateModified":"2024-05-31T16:00:23+00:00","description":"Entdecke die Freude am Radfahren auf dem Etna mit unseren gemieteten E-Bikes. Buche dein e-MTB noch heute f\u00fcr ein unvergessliches Naturerlebnis.","breadcrumb":{"@id":"https:\/\/ecoetna.it\/de\/e-bike-mtb-vermietung\/#breadcrumb"},"inLanguage":"de","potentialAction":[{"@type":"ReadAction","target":["https:\/\/ecoetna.it\/de\/e-bike-mtb-vermietung\/"]}]},{"@type":"ImageObject","inLanguage":"de","@id":"https:\/\/ecoetna.it\/de\/e-bike-mtb-vermietung\/#primaryimage","url":"https:\/\/ecoetna.it\/wp-content\/uploads\/2024\/04\/servizio-alloggio-e-bike-bicicletta-eco-etna-adventure-trasporto-scaled.jpg","contentUrl":"https:\/\/ecoetna.it\/wp-content\/uploads\/2024\/04\/servizio-alloggio-e-bike-bicicletta-eco-etna-adventure-trasporto-scaled.jpg","width":2560,"height":1920,"caption":"Servizio alloggio e-bike bicicletta Eco Etna Adventure trasporto"},{"@type":"BreadcrumbList","@id":"https:\/\/ecoetna.it\/de\/e-bike-mtb-vermietung\/#breadcrumb","itemListElement":[{"@type":"ListItem","position":1,"name":"Home","item":"https:\/\/ecoetna.it\/de\/home\/"},{"@type":"ListItem","position":2,"name":"E-bike MTB Vermietung"}]},{"@type":"WebSite","@id":"https:\/\/ecoetna.it\/de\/#website","url":"https:\/\/ecoetna.it\/de\/","name":"Eco Etna Adventure","description":"","potentialAction":[{"@type":"SearchAction","target":{"@type":"EntryPoint","urlTemplate":"https:\/\/ecoetna.it\/de\/?s={search_term_string}"},"query-input":"required name=search_term_string"}],"inLanguage":"de"}]}},"_links":{"self":[{"href":"https:\/\/ecoetna.it\/de\/wp-json\/wp\/v2\/pages\/1982"}],"collection":[{"href":"https:\/\/ecoetna.it\/de\/wp-json\/wp\/v2\/pages"}],"about":[{"href":"https:\/\/ecoetna.it\/de\/wp-json\/wp\/v2\/types\/page"}],"author":[{"embeddable":true,"href":"https:\/\/ecoetna.it\/de\/wp-json\/wp\/v2\/users\/1"}],"replies":[{"embeddable":true,"href":"https:\/\/ecoetna.it\/de\/wp-json\/wp\/v2\/comments?post=1982"}],"version-history":[{"count":15,"href":"https:\/\/ecoetna.it\/de\/wp-json\/wp\/v2\/pages\/1982\/revisions"}],"predecessor-version":[{"id":2422,"href":"https:\/\/ecoetna.it\/de\/wp-json\/wp\/v2\/pages\/1982\/revisions\/2422"}],"wp:featuredmedia":[{"embeddable":true,"href":"https:\/\/ecoetna.it\/de\/wp-json\/wp\/v2\/media\/791"}],"wp:attachment":[{"href":"https:\/\/ecoetna.it\/de\/wp-json\/wp\/v2\/media?parent=1982"}],"curies":[{"name":"wp","href":"https:\/\/api.w.org\/{rel}","templated":true}]}}