{"id":1913,"date":"2024-04-20T14:45:06","date_gmt":"2024-04-20T14:45:06","guid":{"rendered":"https:\/\/ecoetna.it\/about-us\/"},"modified":"2024-05-31T16:07:21","modified_gmt":"2024-05-31T16:07:21","slug":"about-us","status":"publish","type":"page","link":"https:\/\/ecoetna.it\/de\/about-us\/","title":{"rendered":"\u00dcber uns"},"content":{"rendered":"\n<p>Im majest\u00e4tischen Schatten des Etna, einem Vulkan, der mit seiner wilden Sch\u00f6nheit verzaubert und \u00fcberrascht, haben zwei verwandte Seelen ihr Leben miteinander verflochten, um ein einzigartiges Abenteuer ins Leben zu rufen: Eco Etna Adventure.<\/p>\n\n<p>Alessio und Jennyfer, ein sonniges Paar mit einer tiefen Liebe zur Natur und zu Tieren, leben seit jeher am Fu\u00dfe des imposanten sizilianischen Vulkans. Seit ihrer Kindheit ist die Erkundung der Pfade und entlegensten Winkel des Etna ein fester Bestandteil ihres Lebens. Jede Gletscherspalte, jeder Wald, jede Quelle erz\u00e4hlt eine Geschichte, die Teil ihres Wesens geworden ist.<\/p>\n\n<h4 class=\"wp-block-heading\">Wer ist Alessio?<\/h4>\n\n<p>Alessio hatte mit seinem ansteckenden L\u00e4cheln und seiner Leidenschaft f\u00fcr zwei R\u00e4der schon immer eine Vorliebe f\u00fcr Outdoor-Abenteuer. Aufgewachsen in den Bergen und auf Radwegen entdeckte er schon in jungen Jahren den Reiz von Radausfl\u00fcgen. Doch erst als er sich f\u00fcr die E-Bike-Technologie interessierte, entdeckte er seine wahre Leidenschaft. E-Bikes mit ihrer perfekten Balance zwischen elektrischer und menschlicher Anstrengung haben neue Horizonte und Entdeckungsm\u00f6glichkeiten er\u00f6ffnet.<\/p>\n\n<div class=\"wp-block-columns is-layout-flex wp-container-core-columns-is-layout-1 wp-block-columns-is-layout-flex\">\n<div class=\"wp-block-column is-layout-flow wp-block-column-is-layout-flow\">\n<figure class=\"wp-block-image size-large\"><img loading=\"lazy\" decoding=\"async\" width=\"1024\" height=\"710\" src=\"https:\/\/ecoetna.it\/wp-content\/uploads\/2024\/05\/foto-alessio-jennyfer-eco-etna-adventure-chi-siamo-1024x710.jpg\" alt=\"Fotos Alessio und Jennyfer Eco Etna Adventure &#xDC;ber uns\" class=\"wp-image-1006\" srcset=\"https:\/\/ecoetna.it\/wp-content\/uploads\/2024\/05\/foto-alessio-jennyfer-eco-etna-adventure-chi-siamo-1024x710.jpg 1024w, https:\/\/ecoetna.it\/wp-content\/uploads\/2024\/05\/foto-alessio-jennyfer-eco-etna-adventure-chi-siamo-300x208.jpg 300w, https:\/\/ecoetna.it\/wp-content\/uploads\/2024\/05\/foto-alessio-jennyfer-eco-etna-adventure-chi-siamo-768x532.jpg 768w, https:\/\/ecoetna.it\/wp-content\/uploads\/2024\/05\/foto-alessio-jennyfer-eco-etna-adventure-chi-siamo-1536x1064.jpg 1536w, https:\/\/ecoetna.it\/wp-content\/uploads\/2024\/05\/foto-alessio-jennyfer-eco-etna-adventure-chi-siamo-2048x1419.jpg 2048w\" sizes=\"(max-width: 1024px) 100vw, 1024px\" \/><\/figure>\n<\/div>\n\n\n\n<div class=\"wp-block-column is-layout-flow wp-block-column-is-layout-flow\">\n<figure class=\"wp-block-image size-large\"><img loading=\"lazy\" decoding=\"async\" width=\"1024\" height=\"720\" src=\"https:\/\/ecoetna.it\/wp-content\/uploads\/2024\/05\/ufficio-eco-etna-adventure-linguaglossa-scaled-e1716805588820-1024x720.jpg\" alt=\"B&#xFC;ro Eco Etna Adventure Linguaglossa\" class=\"wp-image-1878\" srcset=\"https:\/\/ecoetna.it\/wp-content\/uploads\/2024\/05\/ufficio-eco-etna-adventure-linguaglossa-scaled-e1716805588820-1024x720.jpg 1024w, https:\/\/ecoetna.it\/wp-content\/uploads\/2024\/05\/ufficio-eco-etna-adventure-linguaglossa-scaled-e1716805588820-300x211.jpg 300w, https:\/\/ecoetna.it\/wp-content\/uploads\/2024\/05\/ufficio-eco-etna-adventure-linguaglossa-scaled-e1716805588820-768x540.jpg 768w, https:\/\/ecoetna.it\/wp-content\/uploads\/2024\/05\/ufficio-eco-etna-adventure-linguaglossa-scaled-e1716805588820-1536x1080.jpg 1536w, https:\/\/ecoetna.it\/wp-content\/uploads\/2024\/05\/ufficio-eco-etna-adventure-linguaglossa-scaled-e1716805588820-2048x1440.jpg 2048w\" sizes=\"(max-width: 1024px) 100vw, 1024px\" \/><\/figure>\n<\/div>\n<\/div>\n\n<h4 class=\"wp-block-heading\">Wer ist Jennyfer?<\/h4>\n\n<p>Jennyfer, mit einer freundlichen Seele und einer nat\u00fcrlichen sprachlichen Neigung, hat eine tiefe Verbundenheit mit dem Land und seinen Leuten. Aufgewachsen in einer multikulturellen Familie, lernte sie schon fr\u00fch, flie\u00dfend Italienisch und Deutsch zu sprechen. Ihre Leidenschaft, die nat\u00fcrliche Sch\u00f6nheit des Etna mit der ganzen Welt zu teilen, war die treibende Kraft, die Eco Etna Adventure ins Leben rief.<\/p>\n\n<p>Mit dem gemeinsamen Wunsch, ihre Heimat mit anderen zu teilen und einen nachhaltigen und umweltfreundlichen Tourismus zu f\u00f6rdern, gr\u00fcndeten Alessio und Jennyfer Eco Etna Adventure. Ihre Mission ist einfach: unvergessliche Erlebnisse auf E-Bikes zu bieten und es jedem, vom Anf\u00e4nger bis zum Experten, zu erm\u00f6glichen, den Etna auf unterhaltsame, sichere und umweltfreundliche Weise zu erkunden.<\/p>\n\n<h4 class=\"wp-block-heading\">Was ist Eco Etna Adventure?<\/h4>\n\n<p>Jede Tour mit Eco Etna Adventure ist eine Reise in das pulsierende Herz der sizilianischen Natur. Auf geheimen Pfaden und atemberaubenden Ausblicken f\u00fchren Alessio und Jennyfer ihre G\u00e4ste auf ein einzigartiges Abenteuer und erz\u00e4hlen Geschichten \u00fcber antike Krater, lokale Flora und Fauna sowie Legenden, die von Generation zu Generation weitergegeben werden.<\/p>\n\n<p>Aber Eco Etna Adventure ist mehr als nur eine E-Bike-Tour; Es ist eine Erfahrung, die einen unausl\u00f6schlichen Eindruck in den Herzen aller Menschen hinterl\u00e4sst, die das Gl\u00fcck haben, daran teilzunehmen. Dank der Leidenschaft, dem Wissen und der Hingabe von Alessio und Jennyfer wird jede Reise zu einer Reise in die Seele des Etna, eines Vulkans, der viel mehr ist als ein Berg \u2013 er ist ein Schatz, den es zu entdecken gilt, ein Geheimnis, das es zu enth\u00fcllen gilt, und ein Freund, den man kennenlernen kann bewundern.<\/p>\n\n<p>Wenn Sie davon tr\u00e4umen, den \u00c4tna auf eine andere Art und Weise zu erkunden, wenn Sie ein einzigartiges Abenteuer im Land Sizilien erleben m\u00f6chten, dann nehmen Sie an Eco Etna Adventure teil. Wir sind bereit, Sie mit Liebe, Respekt und einer guten Portion Freude durch die Geheimnisse und Wunder dieses au\u00dfergew\u00f6hnlichen Ortes zu f\u00fchren.<\/p>\n","protected":false},"excerpt":{"rendered":"<p>Im majest\u00e4tischen Schatten des Etna, einem Vulkan, der mit seiner wilden Sch\u00f6nheit verzaubert und \u00fcberrascht, haben zwei verwandte Seelen ihr Leben miteinander verflochten, um ein einzigartiges Abenteuer ins Leben zu rufen: Eco Etna Adventure. Alessio und Jennyfer, ein sonniges Paar mit einer tiefen Liebe zur Natur und zu Tieren, leben seit jeher am Fu\u00dfe des&#8230; <a class=\"reveal-full-content link\"  action-id =\"1913\" href=\"#\">Pi\u00f9<\/a><\/p>\n","protected":false},"author":1,"featured_media":1047,"parent":0,"menu_order":0,"comment_status":"closed","ping_status":"closed","template":"","meta":{"_acf_changed":false,"_monsterinsights_skip_tracking":false,"_monsterinsights_sitenote_active":false,"_monsterinsights_sitenote_note":"","_monsterinsights_sitenote_category":0,"_joinchat":[],"footnotes":""},"acf":[],"yoast_head":"<!-- This site is optimized with the Yoast SEO plugin v22.8 - https:\/\/yoast.com\/wordpress\/plugins\/seo\/ -->\n<title>\u00dcber uns: Alessio &amp; Jennyfer von Eco Etna | Eco Etna<\/title>\n<meta name=\"description\" content=\"Entdecke die Geschichte von Eco Etna Adventure und unser Engagement, unvergessliche Erlebnisse auf dem Etna zu bieten. Lerne unser Team von leidenschaftlichen Experten kennen.\" \/>\n<meta name=\"robots\" content=\"index, follow, max-snippet:-1, max-image-preview:large, max-video-preview:-1\" \/>\n<link rel=\"canonical\" href=\"https:\/\/ecoetna.it\/de\/about-us\/\" \/>\n<meta property=\"og:locale\" content=\"de_DE\" \/>\n<meta property=\"og:type\" content=\"article\" \/>\n<meta property=\"og:title\" content=\"\u00dcber uns: Alessio &amp; Jennyfer von Eco Etna | Eco Etna\" \/>\n<meta property=\"og:description\" content=\"Entdecke die Geschichte von Eco Etna Adventure und unser Engagement, unvergessliche Erlebnisse auf dem Etna zu bieten. Lerne unser Team von leidenschaftlichen Experten kennen.\" \/>\n<meta property=\"og:url\" content=\"https:\/\/ecoetna.it\/de\/about-us\/\" \/>\n<meta property=\"og:site_name\" content=\"Eco Etna Adventure\" \/>\n<meta property=\"article:modified_time\" content=\"2024-05-31T16:07:21+00:00\" \/>\n<meta property=\"og:image\" content=\"https:\/\/ecoetna.it\/wp-content\/uploads\/2024\/05\/alessio-jennyfer-eco-etna-adventure-header-scaled.jpg\" \/>\n\t<meta property=\"og:image:width\" content=\"2560\" \/>\n\t<meta property=\"og:image:height\" content=\"1109\" \/>\n\t<meta property=\"og:image:type\" content=\"image\/jpeg\" \/>\n<meta name=\"twitter:card\" content=\"summary_large_image\" \/>\n<meta name=\"twitter:label1\" content=\"Gesch\u00e4tzte Lesezeit\" \/>\n\t<meta name=\"twitter:data1\" content=\"3\u00a0Minuten\" \/>\n<script type=\"application\/ld+json\" class=\"yoast-schema-graph\">{\"@context\":\"https:\/\/schema.org\",\"@graph\":[{\"@type\":\"WebPage\",\"@id\":\"https:\/\/ecoetna.it\/de\/about-us\/\",\"url\":\"https:\/\/ecoetna.it\/de\/about-us\/\",\"name\":\"\u00dcber uns: Alessio & Jennyfer von Eco Etna | Eco Etna\",\"isPartOf\":{\"@id\":\"https:\/\/ecoetna.it\/de\/#website\"},\"primaryImageOfPage\":{\"@id\":\"https:\/\/ecoetna.it\/de\/about-us\/#primaryimage\"},\"image\":{\"@id\":\"https:\/\/ecoetna.it\/de\/about-us\/#primaryimage\"},\"thumbnailUrl\":\"https:\/\/ecoetna.it\/wp-content\/uploads\/2024\/05\/alessio-jennyfer-eco-etna-adventure-header-scaled.jpg\",\"datePublished\":\"2024-04-20T14:45:06+00:00\",\"dateModified\":\"2024-05-31T16:07:21+00:00\",\"description\":\"Entdecke die Geschichte von Eco Etna Adventure und unser Engagement, unvergessliche Erlebnisse auf dem Etna zu bieten. Lerne unser Team von leidenschaftlichen Experten kennen.\",\"breadcrumb\":{\"@id\":\"https:\/\/ecoetna.it\/de\/about-us\/#breadcrumb\"},\"inLanguage\":\"de\",\"potentialAction\":[{\"@type\":\"ReadAction\",\"target\":[\"https:\/\/ecoetna.it\/de\/about-us\/\"]}]},{\"@type\":\"ImageObject\",\"inLanguage\":\"de\",\"@id\":\"https:\/\/ecoetna.it\/de\/about-us\/#primaryimage\",\"url\":\"https:\/\/ecoetna.it\/wp-content\/uploads\/2024\/05\/alessio-jennyfer-eco-etna-adventure-header-scaled.jpg\",\"contentUrl\":\"https:\/\/ecoetna.it\/wp-content\/uploads\/2024\/05\/alessio-jennyfer-eco-etna-adventure-header-scaled.jpg\",\"width\":2560,\"height\":1109,\"caption\":\"Alessio e Jennyfer Eco Etna Adventure\"},{\"@type\":\"BreadcrumbList\",\"@id\":\"https:\/\/ecoetna.it\/de\/about-us\/#breadcrumb\",\"itemListElement\":[{\"@type\":\"ListItem\",\"position\":1,\"name\":\"Home\",\"item\":\"https:\/\/ecoetna.it\/de\/home\/\"},{\"@type\":\"ListItem\",\"position\":2,\"name\":\"\u00dcber uns\"}]},{\"@type\":\"WebSite\",\"@id\":\"https:\/\/ecoetna.it\/de\/#website\",\"url\":\"https:\/\/ecoetna.it\/de\/\",\"name\":\"Eco Etna Adventure\",\"description\":\"\",\"potentialAction\":[{\"@type\":\"SearchAction\",\"target\":{\"@type\":\"EntryPoint\",\"urlTemplate\":\"https:\/\/ecoetna.it\/de\/?s={search_term_string}\"},\"query-input\":\"required name=search_term_string\"}],\"inLanguage\":\"de\"}]}<\/script>\n<!-- \/ Yoast SEO plugin. -->","yoast_head_json":{"title":"\u00dcber uns: Alessio & Jennyfer von Eco Etna | Eco Etna","description":"Entdecke die Geschichte von Eco Etna Adventure und unser Engagement, unvergessliche Erlebnisse auf dem Etna zu bieten. Lerne unser Team von leidenschaftlichen Experten kennen.","robots":{"index":"index","follow":"follow","max-snippet":"max-snippet:-1","max-image-preview":"max-image-preview:large","max-video-preview":"max-video-preview:-1"},"canonical":"https:\/\/ecoetna.it\/de\/about-us\/","og_locale":"de_DE","og_type":"article","og_title":"\u00dcber uns: Alessio & Jennyfer von Eco Etna | Eco Etna","og_description":"Entdecke die Geschichte von Eco Etna Adventure und unser Engagement, unvergessliche Erlebnisse auf dem Etna zu bieten. Lerne unser Team von leidenschaftlichen Experten kennen.","og_url":"https:\/\/ecoetna.it\/de\/about-us\/","og_site_name":"Eco Etna Adventure","article_modified_time":"2024-05-31T16:07:21+00:00","og_image":[{"width":2560,"height":1109,"url":"https:\/\/ecoetna.it\/wp-content\/uploads\/2024\/05\/alessio-jennyfer-eco-etna-adventure-header-scaled.jpg","type":"image\/jpeg"}],"twitter_card":"summary_large_image","twitter_misc":{"Gesch\u00e4tzte Lesezeit":"3\u00a0Minuten"},"schema":{"@context":"https:\/\/schema.org","@graph":[{"@type":"WebPage","@id":"https:\/\/ecoetna.it\/de\/about-us\/","url":"https:\/\/ecoetna.it\/de\/about-us\/","name":"\u00dcber uns: Alessio & Jennyfer von Eco Etna | Eco Etna","isPartOf":{"@id":"https:\/\/ecoetna.it\/de\/#website"},"primaryImageOfPage":{"@id":"https:\/\/ecoetna.it\/de\/about-us\/#primaryimage"},"image":{"@id":"https:\/\/ecoetna.it\/de\/about-us\/#primaryimage"},"thumbnailUrl":"https:\/\/ecoetna.it\/wp-content\/uploads\/2024\/05\/alessio-jennyfer-eco-etna-adventure-header-scaled.jpg","datePublished":"2024-04-20T14:45:06+00:00","dateModified":"2024-05-31T16:07:21+00:00","description":"Entdecke die Geschichte von Eco Etna Adventure und unser Engagement, unvergessliche Erlebnisse auf dem Etna zu bieten. Lerne unser Team von leidenschaftlichen Experten kennen.","breadcrumb":{"@id":"https:\/\/ecoetna.it\/de\/about-us\/#breadcrumb"},"inLanguage":"de","potentialAction":[{"@type":"ReadAction","target":["https:\/\/ecoetna.it\/de\/about-us\/"]}]},{"@type":"ImageObject","inLanguage":"de","@id":"https:\/\/ecoetna.it\/de\/about-us\/#primaryimage","url":"https:\/\/ecoetna.it\/wp-content\/uploads\/2024\/05\/alessio-jennyfer-eco-etna-adventure-header-scaled.jpg","contentUrl":"https:\/\/ecoetna.it\/wp-content\/uploads\/2024\/05\/alessio-jennyfer-eco-etna-adventure-header-scaled.jpg","width":2560,"height":1109,"caption":"Alessio e Jennyfer Eco Etna Adventure"},{"@type":"BreadcrumbList","@id":"https:\/\/ecoetna.it\/de\/about-us\/#breadcrumb","itemListElement":[{"@type":"ListItem","position":1,"name":"Home","item":"https:\/\/ecoetna.it\/de\/home\/"},{"@type":"ListItem","position":2,"name":"\u00dcber uns"}]},{"@type":"WebSite","@id":"https:\/\/ecoetna.it\/de\/#website","url":"https:\/\/ecoetna.it\/de\/","name":"Eco Etna Adventure","description":"","potentialAction":[{"@type":"SearchAction","target":{"@type":"EntryPoint","urlTemplate":"https:\/\/ecoetna.it\/de\/?s={search_term_string}"},"query-input":"required name=search_term_string"}],"inLanguage":"de"}]}},"_links":{"self":[{"href":"https:\/\/ecoetna.it\/de\/wp-json\/wp\/v2\/pages\/1913"}],"collection":[{"href":"https:\/\/ecoetna.it\/de\/wp-json\/wp\/v2\/pages"}],"about":[{"href":"https:\/\/ecoetna.it\/de\/wp-json\/wp\/v2\/types\/page"}],"author":[{"embeddable":true,"href":"https:\/\/ecoetna.it\/de\/wp-json\/wp\/v2\/users\/1"}],"replies":[{"embeddable":true,"href":"https:\/\/ecoetna.it\/de\/wp-json\/wp\/v2\/comments?post=1913"}],"version-history":[{"count":19,"href":"https:\/\/ecoetna.it\/de\/wp-json\/wp\/v2\/pages\/1913\/revisions"}],"predecessor-version":[{"id":2430,"href":"https:\/\/ecoetna.it\/de\/wp-json\/wp\/v2\/pages\/1913\/revisions\/2430"}],"wp:featuredmedia":[{"embeddable":true,"href":"https:\/\/ecoetna.it\/de\/wp-json\/wp\/v2\/media\/1047"}],"wp:attachment":[{"href":"https:\/\/ecoetna.it\/de\/wp-json\/wp\/v2\/media?parent=1913"}],"curies":[{"name":"wp","href":"https:\/\/api.w.org\/{rel}","templated":true}]}}